{"id":1812,"date":"2017-09-07T09:14:28","date_gmt":"2017-09-07T09:14:28","guid":{"rendered":"https:\/\/guialuz.com\/?page_id=1812&#038;lang=de"},"modified":"2018-02-13T10:18:37","modified_gmt":"2018-02-13T10:18:37","slug":"impressum","status":"publish","type":"page","link":"https:\/\/guialuz.com\/de\/impressum\/","title":{"rendered":"Impressum"},"content":{"rendered":"<div class=\"wpb-content-wrapper\"><p>[vc_row css_animation=&#8220;&#8220; row_type=&#8220;row&#8220; use_row_as_full_screen_section=&#8220;no&#8220; type=&#8220;full_width&#8220; angled_section=&#8220;no&#8220; text_align=&#8220;left&#8220; background_image_as_pattern=&#8220;without_pattern&#8220;][vc_column][vc_empty_space][vc_column_text]<\/p>\n<h1 style=\"text-align: center;\">Impressum der Website Gu\u00eda Luz<\/h1>\n<p>[\/vc_column_text][\/vc_column][\/vc_row][vc_row css_animation=&#8220;&#8220; row_type=&#8220;row&#8220; use_row_as_full_screen_section=&#8220;no&#8220; type=&#8220;grid&#8220; angled_section=&#8220;no&#8220; text_align=&#8220;left&#8220; background_image_as_pattern=&#8220;without_pattern&#8220;][vc_column width=&#8220;1\/2&#8243;][vc_empty_space][vc_column_text]<\/p>\n<h2>Informationen zur Website Gu\u00eda Luz:<\/h2>\n<p>&nbsp;<\/p>\n<p><strong>Gu\u00eda Luz<\/strong><br \/>\nFrancisco Javier Rico Jurado<br \/>\nC\/ Mariano Jos\u00e9 de Larra, 16<br \/>\n11550 Chipiona (C\u00e1diz)<br \/>\nSpanien<br \/>\nEigent\u00fcmer: Herr Francisco Javier Rico Jurado<br \/>\nKontakt: info@guialuz.com<br \/>\nNIF-IVA: ES52254801C[\/vc_column_text][\/vc_column][vc_column width=&#8220;1\/2&#8243;][vc_empty_space][\/vc_column][\/vc_row][vc_row css_animation=&#8220;&#8220; row_type=&#8220;row&#8220; use_row_as_full_screen_section=&#8220;no&#8220; type=&#8220;grid&#8220; angled_section=&#8220;no&#8220; text_align=&#8220;left&#8220; background_image_as_pattern=&#8220;without_pattern&#8220;][vc_column][vc_empty_space][vc_column_text]Impressum und rechliche Informationen zur Website von Gu\u00eda Luz <a href=\"http:\/\/www.guialuz.com\">www.guialuz.com<\/a> und Google Analytics<\/p>\n<p>&nbsp;<\/p>\n<p><strong>0. Ziel und Absicht<\/strong><\/p>\n<p>Dieser rechtliche Hinweis regelt die Nutzung der Website www.guialuz.com, im nachfolgenden Text &#8222;Website&#8220; genannt, dessen Eigent\u00fcmer Herr Francisco Javier Rico Jurado ist, im nachfolgenden Text &#8222;Eigent\u00fcmer der Website&#8220; genannt.<\/p>\n<p>Die Nutzung der Website des Eigent\u00fcmers der Website und ihres Inhalts setzt voraus, dass der Nutzer mit allen in der ausgewiesenen rechtlichen Information enthaltenen Bedingungen einverstanden ist, welche \u00c4nderungen unterliegen k\u00f6nnen.<\/p>\n<p>Der Nutzer ist verpflichtet, die Website in voller \u00dcbereinstimmung mit den geltenden Gesetzen, im guten Glauben, entsprechend der \u00f6ffentlichen Ordnung, den Anwendungen und diesem Impressum zu nutzen, welche \u00c4nderungen unterliegen k\u00f6nnen. Der Nutzer ist gegen\u00fcber dem Eigent\u00fcmer der Website oder gegen\u00fcber Dritten verantwortlich f\u00fcr jedweden Schaden und Schadenersatz, die als Konsequenz und aufgrund der Nichterf\u00fcllung dieser Pflichten entstehen.<\/p>\n<p>&nbsp;<\/p>\n<p><strong>1. Eigent\u00fcmer der Website und Kommunikation<\/strong><\/p>\n<p>Der Eigent\u00fcmer der Website, in \u00dcbereinstimmung mit dem Gesetz 34\/2002 vom 11. Juli \u00fcber Dienstleistungen der Informationsgesellschaft und den elektronischen Gesch\u00e4ftsverkehr informiert sie dar\u00fcber, dass der Eintrag und Firmensitz wie folgt ist: Francisco Javier Rico Jurado. CIF: ES-52254801-C. Adresse: Herr Francisco Javier Rico Jurado; Calle Mariano Jos\u00e9 de Larra, 16; 11550 Chipiona (C\u00e1diz) Spanien.<\/p>\n<p>Um mit uns zu kommunizieren, stellen wir Ihnen die nachfolgenden Kontaktm\u00f6glichkeiten zur Verf\u00fcgung. Telefon 0034-648214457 (Spanisch). Email: info@guialuz.com. S\u00e4mtliche Kommunikation zwischen dem Nutzer und dem Eigent\u00fcmer der Website werden nur als wirksam angesehen, sobald es sich um die schriftliche Kommunikation auf dem Postweg an die vollst\u00e4ndige hier genannte Adresse oder an die Email info@guialuz.com handelt.<br \/>\nGu\u00eda Luz ist eine beim <a href=\"https:\/\/euipo.europa.eu\/\">Amt der Europ\u00e4ischen Union f\u00fcr Geistiges Eigentum<\/a> eingetragene und gesch\u00fctzte Handelsmarke von Francisco Javier Rico Jurado.<\/p>\n<p>&nbsp;<\/p>\n<p><strong>2. ZUGANGSBEDINGUNGEN UND NUTZUNG DER WEBSITE<\/strong><\/p>\n<p>Die Nutzung der Website und deren Leistungen sind kostenfrei, jedoch verlangt der Eigent\u00fcmer der Website f\u00fcr die Nutzung von einigen auf seiner Website angebotenen Dienstleistungen die vorherige Zustimmung durch das Ausf\u00fcllen eines Formulars. Der Nutzer garantiert hier die Richtigkeit und Aktualit\u00e4t seiner Daten, die er an den Eigent\u00fcmer der Website weitergibt. Der Nutzer ist der ausschlie\u00dflich Verantwortliche f\u00fcr falsch gemachte Daten und Angaben. Der Nutzer stimmt einer ad\u00e4quaten Nutzung des Inhalts der Website und ihrer Leistungen des Eigent\u00fcmers der Website zu und nutzt sie unter anderem in keinem Fall f\u00fcr folgende Zwecke:<br \/>\na) Inhalt zu verbreiten, der kriminell, gewaltverherrlichend, pornographisch, rassistisch oder fremdenfeindlich oder in jedweder Form beleidigend ist, den Terrorismus unterst\u00fctzt oder verteidigt und im Allgemeinen gegen geltende Gesetze, die guten Sitten und die \u00f6ffentliche Ordnung verst\u00f6\u00dft.<br \/>\nb) Viren zu verbreiten oder Handlungen vorzunehmen, die Ver\u00e4nderungen, Besch\u00e4digungen oder Gesetzesverst\u00f6\u00dfe hervorrufen oder Fehler und Sch\u00e4den in elektronischen Dokumenten, Daten oder der Soft- und Hardware vom Eigent\u00fcmer der Website oder dritter Personen generieren sowie den Zugang von anderen Nutzern der Website und ihren Diensten einschr\u00e4nkt oder erschwert u.a. durch massiven Verbrauch von Informatiksystemen durch welche der Eigent\u00fcmer der Website seine Dienste bereitstellt.<br \/>\nc) Den Versuch unternimmt, Email-Adressen von anderen Nutzern zu erwerben, oder zu unerlaubten Bereichen des Informatiksystems vom Eigent\u00fcmer der Website oder von Dritten vorzudringen, um an Informationen zu gelangen.<br \/>\nd) Verletzung der Rechte geistigen und industriellen Eigentums der Website und ihrer Elemente sowie das Vordringen zu vertraulichen Informationen vom Eigent\u00fcmer der Website sowie von Dritten.<br \/>\ne) Die unbefugte Vertretung von anderen Nutzern, \u00f6ffentlichen Institutionen oder Dritten zu erlangen.<br \/>\nf) Die Wiedergabe, Vervielf\u00e4ltigung, Verbreitung, Bereitstellung oder die \u00f6ffentliche Bekanntgabe in jedweder Form, die Verarbeitung oder Aufbereitung oder Ab\u00e4nderung der Inhalte und Elemente der Website, in ihrem Ganzen oder in Teilen unternimmt, ohne die vorherige ausdr\u00fcckliche schriftliche Erlaubnis \u00fcber die entsprechende rechtliche Nutzung vom Eigent\u00fcmer der Website einzuholen.<br \/>\ng) Daten zu sammeln, mit dem Ziel der Werbung oder der Verbreitung von Werbung jedweder Art sowie der Kommunikation, mit dem Ziel, etwas zu verkaufen oder andere kommerzielle Ziele anzustreben ohne schriftliche Anfrage beim Eigent\u00fcmer der Website und dessen schriftlicher Zustimmung.<\/p>\n<p>S\u00e4mtliche Inhalte der Website wie Texte, Fotografien, Grafiken, Bilder, Symbole, Technologie, Software, Layout, Design, Schriftarten sind ein Werk, das zum Eigentum des Eigent\u00fcmers der Website geh\u00f6rt oder dessen Linzenznehmer er ist, ohne dass bei Nutzung irgendwelche Rechte an den Nutzer \u00fcbertragen werden, die \u00fcber das Notwendige, das zur Nutzung der Website erforderlich ist, hinausgehen. Bei der Website handelt es sich um eine Website mit gesch\u00e4ftlichem Zweck und Inhalt, die auch Bilder von kostenpflichtigen Bild Portalen mit lizenzfreien Fotos und anderen Elemente von fotolia, shutterstock, istockphoto, adobestockphotos oder 123RF nutzt, wof\u00fcr ein pauschales Nutzungsrecht durch den Eigent\u00fcmer der Website erworben wurde.<\/p>\n<p>Der Nutzer, der auf die Website Zugang hat, kann sich den Inhalt und die enthaltenen Elemente ansehen, sie ausdrucken und vom Eigent\u00fcmer der Website autorisierte Kopien erstellen, sofern es sich um einen rein privaten Gebrauch handelt und die wiedergegebenen Elemente nicht an Dritte weitergegeben werden, nicht auf fremden Servern und Rechnern, die mit dem Netz verbunden sind, gespeichert werden und nicht zur professionellen Nutzung dienen.<br \/>\nGenauso sind s\u00e4mtliche Markennamen, Gesch\u00e4ftsnamen oder Unterscheidungsmerkmale jedweder Art, die auf dieser Website erscheinen,\u00a0 Eigentum vom Eigent\u00fcmer der Website, ohne dass bei Nutzung der Website oder dem Zugang zur Website dem Nutzer irgendwelche Rechte \u00fcber die Inhalte einger\u00e4umt werden.<\/p>\n<p>Die Verbreitung, Ver\u00e4nderung, Weitergabe oder \u00f6ffentliche Bekanntmachung der Inhalte und jedweder anderer Aktionen, die nicht vorher ausdr\u00fccklich durch den Inhaber der Rechte autorisiert wurden, sind verboten.<br \/>\nDie Bereitstellung eines Hyperlinks oder Links zu Fremdseiten stellt in keinem Fall die Existenz von Beziehungen zwischen dem Eigent\u00fcmer der Website und dem Eigent\u00fcmer der verlinkten Website dar, auch nicht die Zustimmung und das Einverst\u00e4ndnis des Eigent\u00fcmers der Website zu dessen Inhalten und Dienstleistungen. Diejenigen Personen, die den Vorschlag unterbreiten, einen Hyperlink installieren zu wollen, m\u00fcssen vorher das schriftliche Einverst\u00e4ndnis des Eigent\u00fcmers der Website einholen und erhalten. In jedem Fall ist nur ein Hyperlink mit Zugang auf die Homepage oder Eingangsseite der Website erlaubt. Des Weiteren ist es nicht erlaubt, falsche, ungenaue oder unkorrekte Hinweise oder Aussagen \u00fcber den Eigent\u00fcmer der Website zu verbreiten oder strafbaren Inhalt zu inkludieren, der gegen die guten Sitten und die \u00f6ffentlichen Ordnung verst\u00f6\u00dft.<br \/>\nDer Eigent\u00fcmer der Website ist weder f\u00fcr die Nutzung s\u00e4mtlichen Materials dieser Website durch die Nutzer der Website verantwortlich, noch f\u00fcr die Handlungen und Folgen, die sie aufgrund der Nutzung dieses Materials unternehmen.<\/p>\n<p>&nbsp;<\/p>\n<p><strong>3. Ausschluss von Garantien und Haftungsausschluss<\/strong><br \/>\nDer Inhalt dieser Website ist von allgemeinem kommerziellem Charakter und hat das alleinige Ziel zu informieren, ohne dass der volle Zugang zu allen Inhalten stets garantiert wird und ohne Garantie auf Vollst\u00e4ndigkeit, Richtigkeit, G\u00fcltigkeit und Aktualit\u00e4t oder Eignung oder Tauglichkeit f\u00fcr einen bestimmten Zweck.<br \/>\nDer Eigent\u00fcmer der Website schlie\u00dft jedwede Haftung f\u00fcr Sch\u00e4den oder Schadenersatz innerhalb der rechtlichen Grenzen aus, die aus folgendem resultieren:<br \/>\na) Dem verhinderten Zugang zur Website oder dem Fehlen von Richtigkeit, Genauigkeit, Vollst\u00e4ndigkeit und\/oder Aktualit\u00e4t der Inhalte sowie die Existenz von Fehlern und St\u00f6rungen jeglicher Art der \u00fcbertragenen, verbreiteten, gespeicherten und zur Verf\u00fcgung gestellten Inhalte, die durch den Zugang und die Nutzung der Website bereitgestellt werden oder den angebotenen Dienstleistungen auf der Website.<br \/>\nb) Das Vorhandensein von Viren oder anderen Elementen in den Inhalten, die zu Ver\u00e4nderungen in den Computer-Systemen, elektronischen Dokumenten oder Benutzerdaten f\u00fchren k\u00f6nnen.<br \/>\nc) Die Nichteinhaltung von Gesetzen, Verst\u00f6\u00dfe gegen Treu und Glauben, die Nutzung der verkehrsm\u00e4\u00dfigen Anwendungen und die Hinweise in diesem Impressum und Verst\u00f6\u00dfe als Konsequenz der unkorrekten Benutzung der Website. Im Besonderen und Konkreten ist der Eigent\u00fcmer der Website nicht verantwortlich f\u00fcr die Handlungen Dritter, die die Rechte des geistigen Eigentums und die Rechte des industriellen Eigentums, Gesch\u00e4ftsgeheimnisse, das Recht auf Ehre, die pers\u00f6nliche und famili\u00e4re Privatsph\u00e4re sowie Bildrechte verletzen und gegen die Regeln \u00fcber den unlauteren Wettbewerb und illegale Werbung versto\u00dfen. Au\u00dferdem \u00fcbernimmt der Eigent\u00fcmer der Website keine Verantwortung f\u00fcr die Informationen, die au\u00dferhalb dieser Website zu finden sind und nicht direkt direkt von ihm verwaltet werden. Die Funktion der Links und Hyperlinks, die auf dieser Website erscheinen, dient ausschlie\u00dflich dazu, den Benutzer \u00fcber die Existenz von anderen Quellen zu informieren, die den Inhalt auf dieser Website erweitert. Der Eigent\u00fcmer der Website \u00fcbernimmt keine Verantwortung und keine Garantie \u00fcber die Funktion und den Zugang zu diesen externen Websites sowie deren Inhalt; der Eigent\u00fcmer der Website schl\u00e4gt weder den Besuch vor, noch empfiehlt er ihn, noch l\u00e4dt er dazu ein, weshalb er nicht f\u00fcr das erhaltene Ergebnis verantwortlich ist. Der Eigent\u00fcmer der Website ist nicht verantwortlich f\u00fcr das illegale Installieren von Hyperlinks und Backlinks durch Dritte auf seiner Website.<\/p>\n<p>&nbsp;<\/p>\n<p><strong>4. DATENSCHUTZBESTIMMUNGEN<\/strong><br \/>\nWenn wir, Gu\u00eda Luz, Informationen von Ihnen ben\u00f6tigen fragen wir Sie immer, uns diese freiwillig und mit Ihrem Einverst\u00e4ndnis zur Verf\u00fcgung zu stellen. Die gesammelten Daten, die wir \u00fcber das Ausf\u00fcllen von Formularen auf dieser Website oder andere Mittel erhalten, werden in einem Ordner f\u00fcr personenbezogene Daten aufgenommen, der im Allgemeinen Datenschutzregister der spanischen Agentur f\u00fcr Datenschutz ordnungsgem\u00e4\u00df registriert wird. F\u00fcr diesen Ordner ist der Eigent\u00fcmer der Website verantwortlich. Dieser wird die Daten vertraulich behandeln und ausschlie\u00dflich zum Zweck der Bereitstellung der bestellten Dienstleistungen nutzen mit allen rechtlichen Garantien und der Sicherheit, die durch das spanische Gesetz 15\/1999 vom 13. Dezember \u00fcber den Schutz personenbezogener Daten, das k\u00f6nigliche Dekret 1720\/2007 vom 21. Dezember und das Gesetz 34\/2002 vom 11. Juli \u00fcber die Informationsgesellschaft und den elektronischen Gesch\u00e4ftsverkehr besteht. Der Eigent\u00fcmer der Website Sie verpflichtet sich, diese Daten nicht an andere zu \u00fcbertragen, zu verkaufen oder ohne Ihre vorherige Zustimmung Daten an Dritte weiterzugeben. Der Eigent\u00fcmer der Website verpflichtet sich, Daten zu l\u00f6schen oder zu korrigieren, wenn diese ungenau, unvollst\u00e4ndig oder nicht mehr erforderlich sind oder nicht mehr relevant sind f\u00fcr den Zweck laut den Bestimmungen des Gesetzes 15\/1999 vom 13. Dezember zum Schutz von personenbezogenen Daten.<br \/>\nDer Nutzer kann die gegebene Zustimmung widerrufen und seine Rechte auf den Zugang, die Berichtigung und die L\u00f6schung der Daten geltend machen. Er kann die Nutzung seiner Daten widerrufen, indem er sich an die oben genannte Adresse des Eigent\u00fcmers der Website wendet und schriftlich anzeigt, dass er sich auf das spezifische Recht beruft.<br \/>\nDer Eigent\u00fcmer der Website \u00fcbernimmt die Sicherheitsniveaus, die erforderlich sind durch das spanische Gesetz 15\/1999 und andere anwendbaren Vorschriften. Jedoch \u00fcbernimmt der Eigent\u00fcmer der Website keine Verantwortung f\u00fcr Sch\u00e4den oder Schadenersatz, die aus Ver\u00e4nderungen resultieren, die Dritte an Computersystemen, elektronischen Dokumenten und Dateien der Nutzer verursachen.<br \/>\nDer Eigent\u00fcmer der Website kann Cookies verwenden, w\u00e4hrend er die Website Dienstleistungen bereitstellt. Cookies sind physische Textdateien von pers\u00f6nlichen Daten, die auf dem Endger\u00e4t des Nutzers der Webseite gespeichert werden. Der Nutzer hat die M\u00f6glichkeit, den eigenen Browser so zu konfigurieren, dass die Schaffung von Cookie-Dateien verhindert wird oder davor gewarnt wird. Mehr Information auf dieser Webseite.<br \/>\nWenn Sie sich entscheiden unsere Webseite durch Links oder Hyperlinks zu verlassen, die von der Website zu anderen Websites f\u00fchren und nicht dem Eigent\u00fcmer der Website geh\u00f6ren, ist der Eigent\u00fcmer der Website nicht verantwortlich f\u00fcr die Datenschutzpraktiken dieser Websites oder deren Cookies, welche auf ihrem Computer gespeichert werden k\u00f6nnen.<\/p>\n<p>&nbsp;<\/p>\n<p><strong>Google Analytics<\/strong><br \/>\nDiese Website benutzt Google Analytics, ein System zur Analyse von Websites bereitgestellt von Google, Inc., ein Unternehmen aus Delaware, dessen offizielle Adresse in 1600 Amphitheatre Parkway, Mountain View (Kalifornien), CA 94043, USA (Google) lautet.<br \/>\nGoogle Analytics verwendet \u201eCookies\u201c, das sind Textdateien, die auf Ihrem Computer gespeichert werden, um dem Eigent\u00fcmer der Website zu helfen, die Nutzung der Website mittels einer Analyse des Nutzungsverhaltens der Nutzer zu analysieren. Die Informationen \u00fcber ihr Nutzungsverhalten bei der Nutzung dieser Website inklusive Ihrer IP-Adresse, die durch die Cookie erzeugt werden, werden durch Google an Server in den USA \u00fcbertragen und dort gespeichert. Google nutzt diese Informationen im Namen des Eigent\u00fcmers der Website mit dem Ziel, den Weg der Nutzung der Website zu verfolgen, um Berichte \u00fcber die Website-Aktivit\u00e4ten zusammenzustellen und um weitere Dienstleistungen an den Eigent\u00fcmer der Website zu erbringen, die mit der Aktivit\u00e4t auf der Website und der Internetnutzung im Zusammenhang steht. Google kann diese Informationen an Dritte \u00fcbertragen, sofern dies gesetzlich vorgeschrieben ist oder soweit Dritte vorab die Daten im Auftrag von Google verarbeiten. Google wird in keinem Fall Ihre IP-Adresse mit anderen Daten von Google in Verbindung bringen.<br \/>\nSie k\u00f6nnen die Speicherung der Daten oder die damit verbundenen Informationen verweigern, indem Sie die Verwendung von Cookies ablehnen durch eine entsprechende Konfiguration Ihres Browsers; Sie sollten jedoch wissen, dass dies die volle Funktionalit\u00e4t dieser Website einschr\u00e4nken kann. Durch die Nutzung dieser Website geben Sie Ihre Zustimmung zur Verarbeitung von Daten durch Google in der Art und Weise wie es hier angezeigt wird und f\u00fcr den oben beschriebenen Zweck.<br \/>\nUnsere Politik im Bezug auf E-Mails ist wie folgt: Es werden nur Emails versendet bei denen Sie Ihr Einverst\u00e4ndnis gegeben haben, diese zu erhalten. Unser Versenden von Emails konzentriert sich ausschlie\u00dflich auf das Versenden von Emails zu bereits vorher von Ihnen angefragten Leistungen. Wenn Sie diese E-Mails oder den Newsletter nicht mehr erhalten m\u00f6chten, gibt es die M\u00f6glichkeit, auf demselben Kommunikationsweg von Ihrem Recht auf Annullierung und Verzicht auf Empfang dieser Mitteilungen Gebrauch zu machen, was in \u00dcbereinstimmung mit dem Titel III, Artikel 22 des Gesetzes 34\/2002 \u00fcber Dienstleistungen der Informationsgesellschaft und dem elektronischen Gesch\u00e4ftsverkehr erfolgt.<\/p>\n<p>&nbsp;<\/p>\n<p><strong>5. VORGEHENSWEISE IM FALL EINER STRAFBAREN HANDLUNG<\/strong><br \/>\nIn dem Fall, dass ein Benutzer oder Dritter der Auffassung ist, dass es Tatsachen oder Umst\u00e4nde gibt, die den Charakter der illegalen Nutzung von Inhalt erf\u00fcllen und\/oder die Aus\u00fcbung von illegalen T\u00e4tigkeiten auf der Website, sollte er zun\u00e4chst eine schriftliche Mitteilung an den Eigent\u00fcmer der Website absenden, indem er sich identifiziert, die angeblichen Verletzungen spezifiziert und unter seiner Verantwortung ausdr\u00fccklich besagt, dass seine Angaben im Schreiben korrekt sind. F\u00fcr jede rechtliche Frage, die die Website vom Eigent\u00fcmer betrifft, ist das spanische Recht anzuwenden und das zust\u00e4ndige Gericht befindet sich in Sanl\u00facar de Barrameda Spanien.<\/p>\n<p>&nbsp;<\/p>\n<p><strong>6. VERLAUTBARUNG<\/strong><br \/>\nDie Informationen zur Nutzung der Website, die \u00fcber die Website zur Verf\u00fcgung gestellt werden, ersetzen nicht die legale Ver\u00f6ffentlichung von Gesetzen, Verordnungen, Pl\u00e4nen, allgemeinen Positionen und Handlungen, die in den t\u00e4glichen Mitteilungen der \u00f6ffentlichen Verwaltungen in Spanien erscheinen, welche die einzigen Instrumente sind, die glaubw\u00fcrdig sind in ihrem Wahrheitsgehalt und dem Inhalt. Die Informationen auf dieser Website sind als Leitfaden ohne Rechtsg\u00fcltigkeit zu verstehen.[\/vc_column_text][\/vc_column][\/vc_row]<\/p>\n<\/div>","protected":false},"excerpt":{"rendered":"<p>[vc_row css_animation=&#8220;&#8220; row_type=&#8220;row&#8220; use_row_as_full_screen_section=&#8220;no&#8220; type=&#8220;full_width&#8220; angled_section=&#8220;no&#8220; text_align=&#8220;left&#8220; background_image_as_pattern=&#8220;without_pattern&#8220;][vc_column][vc_empty_space][vc_column_text] Impressum der Website Gu\u00eda Luz [\/vc_column_text][\/vc_column][\/vc_row][vc_row css_animation=&#8220;&#8220; row_type=&#8220;row&#8220; use_row_as_full_screen_section=&#8220;no&#8220; type=&#8220;grid&#8220; angled_section=&#8220;no&#8220; text_align=&#8220;left&#8220; background_image_as_pattern=&#8220;without_pattern&#8220;][vc_column width=&#8220;1\/2&#8243;][vc_empty_space][vc_column_text] Informationen zur Website Gu\u00eda Luz: &nbsp; Gu\u00eda Luz Francisco Javier Rico Jurado C\/ Mariano Jos\u00e9 de Larra, 16 11550 Chipiona (C\u00e1diz) Spanien Eigent\u00fcmer:&#8230;<\/p>\n","protected":false},"author":1,"featured_media":0,"parent":0,"menu_order":0,"comment_status":"closed","ping_status":"closed","template":"","meta":{"sfsi_plus_gutenberg_text_before_share":"","sfsi_plus_gutenberg_show_text_before_share":"","sfsi_plus_gutenberg_icon_type":"","sfsi_plus_gutenberg_icon_alignemt":"","sfsi_plus_gutenburg_max_per_row":"","footnotes":""},"_links":{"self":[{"href":"https:\/\/guialuz.com\/de\/wp-json\/wp\/v2\/pages\/1812"}],"collection":[{"href":"https:\/\/guialuz.com\/de\/wp-json\/wp\/v2\/pages"}],"about":[{"href":"https:\/\/guialuz.com\/de\/wp-json\/wp\/v2\/types\/page"}],"author":[{"embeddable":true,"href":"https:\/\/guialuz.com\/de\/wp-json\/wp\/v2\/users\/1"}],"replies":[{"embeddable":true,"href":"https:\/\/guialuz.com\/de\/wp-json\/wp\/v2\/comments?post=1812"}],"version-history":[{"count":3,"href":"https:\/\/guialuz.com\/de\/wp-json\/wp\/v2\/pages\/1812\/revisions"}],"predecessor-version":[{"id":2419,"href":"https:\/\/guialuz.com\/de\/wp-json\/wp\/v2\/pages\/1812\/revisions\/2419"}],"wp:attachment":[{"href":"https:\/\/guialuz.com\/de\/wp-json\/wp\/v2\/media?parent=1812"}],"curies":[{"name":"wp","href":"https:\/\/api.w.org\/{rel}","templated":true}]}}