{"id":1820,"date":"2017-09-11T19:59:03","date_gmt":"2017-09-11T19:59:03","guid":{"rendered":"https:\/\/guialuz.com\/de\/?page_id=1820"},"modified":"2018-01-12T12:13:25","modified_gmt":"2018-01-12T12:13:25","slug":"einkaufen","status":"publish","type":"page","link":"https:\/\/guialuz.com\/de\/einkaufen\/","title":{"rendered":"Einkaufen"},"content":{"rendered":"<div class=\"wpb-content-wrapper\"><p>[vc_row css_animation=&#8220;&#8220; row_type=&#8220;row&#8220; use_row_as_full_screen_section=&#8220;no&#8220; type=&#8220;grid&#8220; anchor=&#8220;news&#8220; angled_section=&#8220;no&#8220; text_align=&#8220;center&#8220; background_image=&#8220;830&#8243; background_image_as_pattern=&#8220;without_pattern&#8220; css=&#8220;.vc_custom_1493835550165{padding-top: 0% !important;padding-bottom: 0% !important;}&#8220;][vc_column css=&#8220;.vc_custom_1469530614343{padding-top: 16.9% !important;padding-bottom: 13.9% !important;}&#8220;][vc_column_text][\/vc_column_text][\/vc_column][\/vc_row][vc_row css_animation=&#8220;&#8220; row_type=&#8220;row&#8220; use_row_as_full_screen_section=&#8220;no&#8220; type=&#8220;full_width&#8220; angled_section=&#8220;no&#8220; text_align=&#8220;left&#8220; background_image_as_pattern=&#8220;without_pattern&#8220;][vc_column][vc_empty_space][vc_column_text]<\/p>\n<h1 style=\"text-align: center;\">Einkaufen in Andalusien &#8211; Shopping<\/h1>\n<p>[\/vc_column_text][vc_empty_space][\/vc_column][\/vc_row][vc_row css_animation=&#8220;&#8220; row_type=&#8220;row&#8220; use_row_as_full_screen_section=&#8220;no&#8220; type=&#8220;grid&#8220; angled_section=&#8220;no&#8220; text_align=&#8220;left&#8220; background_image_as_pattern=&#8220;without_pattern&#8220;][vc_column width=&#8220;1\/6&#8243;][\/vc_column][vc_column width=&#8220;2\/3&#8243;][vc_accordion active_tab=&#8220;false&#8220; collapsible=&#8220;yes&#8220; style=&#8220;accordion&#8220;][vc_accordion_tab title=&#8220;Einkaufen in Andalusien: Shopping, Sherry und iberischer Schinken&#8230;&#8220;][vc_column_text]F\u00fcr das <strong>Einkaufen in<\/strong> <b>Andalusien<\/b> gibt es ein breites Angebot, das sowohl den Einzelhandel als auch gro\u00dfe Einkaufszentren f\u00fcr <strong>Shopping<\/strong> umfasst. Der traditionelle Einzelhandel mit kleinen Lebensmittelgesch\u00e4ften oder Handwerk ist eher in kleinen St\u00e4dten sowohl auf dem Land als auch an der K\u00fcste zu finden. In den historischen Zentren der gro\u00dfen St\u00e4dte wie <b>Sevilla<\/b> oder <b>M\u00e1laga<\/b> existiert es neben den neuesten Designer- und Mode-Boutiquen\u00a0zum Shopping.<\/p>\n<p>Die gro\u00dfe geografische Vielfalt Andalusiens erlaubt es, eine gro\u00dfe Auswahl von einheimischen Produkten zu finden, die in der Region selbst angebaut oder hergestellt und von der lokalen Bev\u00f6lkerung konsumiert oder in zunehmendem Ma\u00dfe durch ihre Qualit\u00e4t und den guten Ruf exportiert werden.<\/p>\n<p>Die Besucher, die nach Andalusien kommen, werden ein reiches Angebot an landwirtschaftlichen Produkten aufgrund der Ausdehnung und Lage des Landes mit Hinterland und K\u00fcste vorfinden, die jeweils unterschiedliche klimatische Bedingungen aufweisen.<\/p>\n<p>Die trockenen Gebiete, die sich im Landesinneren befinden, zeichnen sich durch Oliven- und Weinbau aus, die typisch f\u00fcr das mediterrane Klima sind. Erzeugnisse dieser L\u00e4ndereien sind hochgesch\u00e4tzte Oliven\u00f6le und weltbekannte <b>Weine<\/b> wie sie im bekannten Weinbaugebiet von <b>Jerez de la Frontera<\/b> mit dem <b>Sherry<\/b>, dem <b>Manzanilla<\/b> aus Sanl\u00facar und dem <b>Moscatel <\/b>aus Chipiona reifen. Der Anbau von Oliven\u00f6l ist am ehesten in den Provinzen Ja\u00e9n, C\u00f3rdoba, Sevilla und der Gegend Sierra de C\u00e1diz vorzufinden. In diesen Provinzen k\u00f6nnen Sie das Oliven\u00f6l sogar direkt in den Produktionsst\u00e4tten kaufen. Die K\u00fcstengebiete sind eher typisch f\u00fcr bew\u00e4sserten Obst- und Gem\u00fcseanbau, in Granada gibt es zahlreiche tropische Produkte und Almeria gilt heutzutage als der Garten Europas f\u00fcr den Anbau und die Herstellung von Gem\u00fcse.<\/p>\n<p>Neben den landwirtschaftlichen Produkten hat Andalusien, da es zwischen den zwei Meeren Atlantik und Mittelmeer liegt, ein reichhaltiges Angebot an <b>Fisch<\/b> und <strong>Meeresfr\u00fcchten<\/strong>, die wegen ihres exquisiten Geschmacks sehr gefragt sind. Der Thunfisch von Barbate, die Langostinos von Sanl\u00facar oder die Sardellen von Malaga sind neben vielen anderen ber\u00fchmt.<\/p>\n<p>Bio-Produkte aus Andalusien werden zunehmend in andere L\u00e4nder exportiert, aber auch in kleinen traditionellen L\u00e4den und gro\u00dfen Einkaufsm\u00e4rkten findet man viele.<\/p>\n<p>In den Gesch\u00e4ften Andalusiens finden Sie zudem iberischen Schinken aus der Gegend von Huelva, zum Beispiel aus Jabugo, oder exquisite K\u00e4sesorten aus der Sierra de C\u00e1diz wie der K\u00e4se der Ziege Payoya.[\/vc_column_text][\/vc_accordion_tab][\/vc_accordion][vc_empty_space][\/vc_column][vc_column width=&#8220;1\/6&#8243;][\/vc_column][\/vc_row][vc_row css_animation=&#8220;&#8220; row_type=&#8220;row&#8220; use_row_as_full_screen_section=&#8220;no&#8220; type=&#8220;grid&#8220; angled_section=&#8220;no&#8220; text_align=&#8220;left&#8220; background_image_as_pattern=&#8220;without_pattern&#8220; css=&#8220;.vc_custom_1469778626730{padding-top: 7.3% !important;padding-bottom: 6.4% !important;}&#8220;][vc_column]<div class='projects_holder_outer v3 portfolio_with_space portfolio_standard'>\n        <div class='projects_holder portfolio_main_holder clearfix v3 standard portfolio_full_image '>\n        \n        <article class='mix portfolio_category_75 portfolio_category_85 default' style=''>\n    \n    \n    \n    \n            <div class=\"item_holder thin_plus_only\">\n\n                    <div class=\"text_holder\">\n        <div class=\"text_holder_outer\">\n            <div class=\"text_holder_inner\">\n                            <span class=\"thin_plus_only_icon\">+<\/span>\n                        <\/div>\n        <\/div>\n    <\/div>\n\n                                    <a itemprop=\"url\" class=\"portfolio_link_class\" title=\"Einkaufen in C\u00e1diz\" href=\"https:\/\/guialuz.com\/de\/info\/einkaufen-in-cadiz\/\"><\/a>\n                \n                <div style=\"background-color: #fdec00\" class=\"portfolio_shader\"><\/div>\n                <div class=\"image_holder\">\n                    \n<span class='image'><img loading=\"lazy\" decoding=\"async\" width=\"500\" height=\"281\" src=\"https:\/\/guialuz.com\/wp-content\/uploads\/comercios-ciudad-de-cadiz1.jpg\" class=\"attachment-full size-full wp-post-image\" alt=\"Cadiz Stadt, Innenstadt mit Kathedrale\" \/><\/span>                <\/div>\n            <\/div>\n\n                <div class='portfolio_description ' style=background-color:#0f70b5;'>\n\n        \n    <h5 itemprop=\"name\" class=\"portfolio_title entry_title\"><a itemprop=\"url\" href=\"https:\/\/guialuz.com\/de\/info\/einkaufen-in-cadiz\/\" style=\"color: #ffffff\" target=\"_self\"> Einkaufen in C\u00e1diz<\/a><\/h5>\n\n\n        \n        \n    <\/div>\n\n        \n<\/article>\n<article class='mix portfolio_category_85 portfolio_category_105 default' style=''>\n    \n    \n    \n    \n            <div class=\"item_holder thin_plus_only\">\n\n                    <div class=\"text_holder\">\n        <div class=\"text_holder_outer\">\n            <div class=\"text_holder_inner\">\n                            <span class=\"thin_plus_only_icon\">+<\/span>\n                        <\/div>\n        <\/div>\n    <\/div>\n\n                                    <a itemprop=\"url\" class=\"portfolio_link_class\" title=\"Einkaufen in Sanl\u00facar de Barrameda\" href=\"https:\/\/guialuz.com\/de\/info\/einkaufen-in-sanlucar-barrameda\/\"><\/a>\n                \n                <div style=\"background-color: #fdec00\" class=\"portfolio_shader\"><\/div>\n                <div class=\"image_holder\">\n                    \n<span class='image'><img loading=\"lazy\" decoding=\"async\" width=\"500\" height=\"281\" src=\"https:\/\/guialuz.com\/wp-content\/uploads\/Comercios-Sanlucar-de-Barameda-Plaza-Cabildo2.jpg\" class=\"attachment-full size-full wp-post-image\" alt=\"\" \/><\/span>                <\/div>\n            <\/div>\n\n                <div class='portfolio_description ' style=background-color:#0f70b5;'>\n\n        \n    <h5 itemprop=\"name\" class=\"portfolio_title entry_title\"><a itemprop=\"url\" href=\"https:\/\/guialuz.com\/de\/info\/einkaufen-in-sanlucar-barrameda\/\" style=\"color: #ffffff\" target=\"_self\"> Einkaufen in Sanl\u00facar de Barrameda<\/a><\/h5>\n\n\n        \n        \n    <\/div>\n\n        \n<\/article>\n<article class='mix portfolio_category_76 portfolio_category_85 default' style=''>\n    \n    \n    \n    \n            <div class=\"item_holder thin_plus_only\">\n\n                    <div class=\"text_holder\">\n        <div class=\"text_holder_outer\">\n            <div class=\"text_holder_inner\">\n                            <span class=\"thin_plus_only_icon\">+<\/span>\n                        <\/div>\n        <\/div>\n    <\/div>\n\n                                    <a itemprop=\"url\" class=\"portfolio_link_class\" title=\"Einkaufen in&lt;br\/&gt; Chipiona\" href=\"https:\/\/guialuz.com\/de\/info\/einkaufen-in-chipiona\/\"><\/a>\n                \n                <div style=\"background-color: #fdec00\" class=\"portfolio_shader\"><\/div>\n                <div class=\"image_holder\">\n                    \n<span class='image'><img loading=\"lazy\" decoding=\"async\" width=\"500\" height=\"281\" src=\"https:\/\/guialuz.com\/wp-content\/uploads\/Comercios-Chipiona-Andalucia2.jpg\" class=\"attachment-full size-full wp-post-image\" alt=\"\" \/><\/span>                <\/div>\n            <\/div>\n\n                <div class='portfolio_description ' style=background-color:#0f70b5;'>\n\n        \n    <h5 itemprop=\"name\" class=\"portfolio_title entry_title\"><a itemprop=\"url\" href=\"https:\/\/guialuz.com\/de\/info\/einkaufen-in-chipiona\/\" style=\"color: #ffffff\" target=\"_self\"> Einkaufen in<br\/> Chipiona<\/a><\/h5>\n\n\n        \n        \n    <\/div>\n\n        \n<\/article>\n        <div class='filler'><\/div>\n            <div class='filler'><\/div>\n            <div class='filler'><\/div>\n        <\/div>\n\n    \n    <\/div>[\/vc_column][\/vc_row][vc_row css_animation=&#8220;&#8220; row_type=&#8220;row&#8220; use_row_as_full_screen_section=&#8220;no&#8220; type=&#8220;full_width&#8220; angled_section=&#8220;no&#8220; text_align=&#8220;left&#8220; background_image_as_pattern=&#8220;without_pattern&#8220;][vc_column][vc_empty_space][\/vc_column][\/vc_row]<\/p>\n<\/div>","protected":false},"excerpt":{"rendered":"<p>[vc_row css_animation=&#8220;&#8220; row_type=&#8220;row&#8220; use_row_as_full_screen_section=&#8220;no&#8220; type=&#8220;grid&#8220; anchor=&#8220;news&#8220; angled_section=&#8220;no&#8220; text_align=&#8220;center&#8220; background_image=&#8220;830&#8243; background_image_as_pattern=&#8220;without_pattern&#8220; css=&#8220;.vc_custom_1493835550165{padding-top: 0% !important;padding-bottom: 0% !important;}&#8220;][vc_column css=&#8220;.vc_custom_1469530614343{padding-top: 16.9% !important;padding-bottom: 13.9% !important;}&#8220;][vc_column_text][\/vc_column_text][\/vc_column][\/vc_row][vc_row css_animation=&#8220;&#8220; row_type=&#8220;row&#8220; use_row_as_full_screen_section=&#8220;no&#8220; type=&#8220;full_width&#8220; angled_section=&#8220;no&#8220; text_align=&#8220;left&#8220; background_image_as_pattern=&#8220;without_pattern&#8220;][vc_column][vc_empty_space][vc_column_text] Einkaufen in Andalusien &#8211; Shopping [\/vc_column_text][vc_empty_space][\/vc_column][\/vc_row][vc_row css_animation=&#8220;&#8220; row_type=&#8220;row&#8220; use_row_as_full_screen_section=&#8220;no&#8220; type=&#8220;grid&#8220; angled_section=&#8220;no&#8220; text_align=&#8220;left&#8220; background_image_as_pattern=&#8220;without_pattern&#8220;][vc_column width=&#8220;1\/6&#8243;][\/vc_column][vc_column width=&#8220;2\/3&#8243;][vc_accordion active_tab=&#8220;false&#8220; collapsible=&#8220;yes&#8220; style=&#8220;accordion&#8220;][vc_accordion_tab&#8230;<\/p>\n","protected":false},"author":1,"featured_media":0,"parent":0,"menu_order":0,"comment_status":"closed","ping_status":"closed","template":"full_width.php","meta":{"sfsi_plus_gutenberg_text_before_share":"","sfsi_plus_gutenberg_show_text_before_share":"","sfsi_plus_gutenberg_icon_type":"","sfsi_plus_gutenberg_icon_alignemt":"","sfsi_plus_gutenburg_max_per_row":"","footnotes":""},"_links":{"self":[{"href":"https:\/\/guialuz.com\/de\/wp-json\/wp\/v2\/pages\/1820"}],"collection":[{"href":"https:\/\/guialuz.com\/de\/wp-json\/wp\/v2\/pages"}],"about":[{"href":"https:\/\/guialuz.com\/de\/wp-json\/wp\/v2\/types\/page"}],"author":[{"embeddable":true,"href":"https:\/\/guialuz.com\/de\/wp-json\/wp\/v2\/users\/1"}],"replies":[{"embeddable":true,"href":"https:\/\/guialuz.com\/de\/wp-json\/wp\/v2\/comments?post=1820"}],"version-history":[{"count":3,"href":"https:\/\/guialuz.com\/de\/wp-json\/wp\/v2\/pages\/1820\/revisions"}],"predecessor-version":[{"id":2374,"href":"https:\/\/guialuz.com\/de\/wp-json\/wp\/v2\/pages\/1820\/revisions\/2374"}],"wp:attachment":[{"href":"https:\/\/guialuz.com\/de\/wp-json\/wp\/v2\/media?parent=1820"}],"curies":[{"name":"wp","href":"https:\/\/api.w.org\/{rel}","templated":true}]}}