{"id":1826,"date":"2017-09-11T20:02:37","date_gmt":"2017-09-11T20:02:37","guid":{"rendered":"https:\/\/guialuz.com\/de\/?page_id=1826"},"modified":"2017-12-21T17:45:50","modified_gmt":"2017-12-21T17:45:50","slug":"wo-essen","status":"publish","type":"page","link":"https:\/\/guialuz.com\/de\/wo-essen\/","title":{"rendered":"Wo Essen"},"content":{"rendered":"<div class=\"wpb-content-wrapper\"><p>[vc_row css_animation=&#8220;&#8220; row_type=&#8220;row&#8220; use_row_as_full_screen_section=&#8220;no&#8220; type=&#8220;grid&#8220; anchor=&#8220;news&#8220; angled_section=&#8220;no&#8220; text_align=&#8220;center&#8220; background_image=&#8220;828&#8243; background_image_as_pattern=&#8220;without_pattern&#8220; css=&#8220;.vc_custom_1493835575019{padding-top: 0% !important;padding-bottom: 0% !important;}&#8220;][vc_column css=&#8220;.vc_custom_1469530614343{padding-top: 16.9% !important;padding-bottom: 13.9% !important;}&#8220;][vc_column_text][\/vc_column_text][\/vc_column][\/vc_row][vc_row css_animation=&#8220;&#8220; row_type=&#8220;row&#8220; use_row_as_full_screen_section=&#8220;no&#8220; type=&#8220;full_width&#8220; angled_section=&#8220;no&#8220; text_align=&#8220;left&#8220; background_image_as_pattern=&#8220;without_pattern&#8220;][vc_column][vc_empty_space][vc_column_text]<\/p>\n<h1 style=\"text-align: center;\">Wo Essen, Restaurants in Cadiz und Costa de la Luz<\/h1>\n<p>[\/vc_column_text][\/vc_column][\/vc_row][vc_row css_animation=&#8220;&#8220; row_type=&#8220;row&#8220; use_row_as_full_screen_section=&#8220;no&#8220; type=&#8220;grid&#8220; angled_section=&#8220;no&#8220; text_align=&#8220;left&#8220; background_image_as_pattern=&#8220;without_pattern&#8220;][vc_column width=&#8220;1\/6&#8243;][\/vc_column][vc_column width=&#8220;2\/3&#8243;][vc_empty_space][vc_accordion active_tab=&#8220;false&#8220; collapsible=&#8220;yes&#8220; style=&#8220;accordion&#8220;][vc_accordion_tab title=&#8220;Restaurants in Cadiz, Costa de la Luz &#8211; Tapas Bars in Andalusien&#8220; title_tag=&#8220;h2&#8243;][vc_column_text]In Andalusien gibt es dank des guten Klimas eine typische Kultur der sozialen Beziehungen, die am Tisch im Restaurant oder an der Bar gepflegt werden.\u00a0Restaurants und Tapas Bars sind in jeder Stadt oder jedem Dorf in Andalusien reichlich vorhanden. Es gibt unz\u00e4hlige\u00a0<strong>Restaurants in\u00a0Cadiz<\/strong>, <strong>Costa de la Luz<\/strong>\u00a0wie z.B. in Chipiona und Sanl\u00facar de Barrameda. Unter ihnen ragen die Restaurants heraus, die typische Produkte der Region traditionell zubereiten, welche nun zunehmend kreativ kreiert und pr\u00e4sentiert werden.<\/p>\n<p>&nbsp;<\/p>\n<p>Im Landesinneren von Andalusiens werden tendenziell eher Gerichte mit Produkten wie Gem\u00fcse, Fleisch und Wild serviert. Dagegen sind in den Restaurants in Cadiz, Costa de la Luz reichhaltige Teller mit Meeresfr\u00fcchten oder Fischgerichte zu finden.<\/p>\n<p>&nbsp;<\/p>\n<p>So auch in dem malerischen Fischerviertel Bajo de Guia, das als eines der wichtigsten Touristenattraktionen der Stadt <b>Sanl\u00facar de Barrameda<\/b> gilt. Aufgrund der Qualit\u00e4t der Fische und Meeresfr\u00fcchte, die hier in den verschiedenen Restaurants serviert werden, stellt es ein bedeutendes gastronomisches Ziel dar. Diese Restaurants liegen an der Strandpromenade des Viertels.<\/p>\n<p>&nbsp;<\/p>\n<p>In gro\u00dfen Provinzhauptst\u00e4dten wie <b>Sevilla, M\u00e1laga, C\u00f3rdob<\/b><strong>a<\/strong> oder <b>Granada<\/b> gibt es eine gro\u00dfe Auswahl an internationalen Restaurants und kreativer K\u00fcche.<\/p>\n<p>&nbsp;<\/p>\n<p>Seit kurzem finden Gourmets und Liebhaber der Sternek\u00fcche unter den Restaurants in Cadiz, Costa de la Luz ein <strong>Restaurant mit<\/strong> <strong>3 Michelin Sternen<\/strong>. Es handelt sich um das <strong>Restaurant Aponiente<\/strong> von \u00c1ngel Le\u00f3n in der Umgebung von El Puerto de Santa Mar\u00eda. Des Weiteren k\u00f6nnen Sie seine exzellente K\u00fcche im Restaurant Alevante im Hotel Meli\u00e1 Sancti Petri in Novo Sancti Petri (Chiclana, Costa de la Luz) probieren. Es verf\u00fcgt \u00fcber zwei Michelin Sterne.<\/p>\n<p>&nbsp;<\/p>\n<p>Das Restaurant Bardal in Ronda (Provinz M\u00e1laga) von Benito G\u00f3mez wurde neu vom Guide Michelin ausgezeichnet. Zudem finden Gourmets Sternerestaurants mit einem Michelin-Stern an der <b>Costa del Sol <\/b>wie das Restaurant El Lago, das Restaurant Skina, das Restaurant Jos\u00e9 Carlos Garc\u00eda und das Restaurant von Dani Garc\u00eda mit zwei Sternen.<\/p>\n<p>&nbsp;<\/p>\n<p>Wir empfehlen Reisenden, die nach Andalusien kommen, die regionalen Produkte und Weine zu probieren.[\/vc_column_text][\/vc_accordion_tab][\/vc_accordion][\/vc_column][vc_column width=&#8220;1\/6&#8243;][\/vc_column][\/vc_row][vc_row css_animation=&#8220;&#8220; row_type=&#8220;row&#8220; use_row_as_full_screen_section=&#8220;no&#8220; type=&#8220;grid&#8220; angled_section=&#8220;no&#8220; text_align=&#8220;left&#8220; background_image_as_pattern=&#8220;without_pattern&#8220; css=&#8220;.vc_custom_1469778626730{padding-top: 7.3% !important;padding-bottom: 6.4% !important;}&#8220;][vc_column]<div class='projects_holder_outer v3 portfolio_with_space portfolio_standard'>\n        <div class='projects_holder portfolio_main_holder clearfix v3 standard portfolio_full_image '>\n        \n        <article class='mix portfolio_category_76 portfolio_category_104 default' style=''>\n    \n    \n    \n    \n            <div class=\"item_holder thin_plus_only\">\n\n                    <div class=\"text_holder\">\n        <div class=\"text_holder_outer\">\n            <div class=\"text_holder_inner\">\n                            <span class=\"thin_plus_only_icon\">+<\/span>\n                        <\/div>\n        <\/div>\n    <\/div>\n\n                                    <a itemprop=\"url\" class=\"portfolio_link_class\" title=\"Restaurants &lt;br\/&gt; Chipiona\" href=\"https:\/\/guialuz.com\/de\/info\/restaurants-chipiona\/\"><\/a>\n                \n                <div style=\"background-color: rgba(253,236,0,0.45)\" class=\"portfolio_shader\"><\/div>\n                <div class=\"image_holder\">\n                    \n<span class='image'><img loading=\"lazy\" decoding=\"async\" width=\"500\" height=\"281\" src=\"https:\/\/guialuz.com\/wp-content\/uploads\/restaurantes-chipiona1.jpg\" class=\"attachment-full size-full wp-post-image\" alt=\"die besten restaurants in cadiz\" \/><\/span>                <\/div>\n            <\/div>\n\n                <div class='portfolio_description ' >\n\n        \n    <h5 itemprop=\"name\" class=\"portfolio_title entry_title\"><a itemprop=\"url\" href=\"https:\/\/guialuz.com\/de\/info\/restaurants-chipiona\/\" style=\"color: #ffffff\" target=\"_self\"> Restaurants <br\/> Chipiona<\/a><\/h5>\n\n\n        \n        \n    <\/div>\n\n        \n<\/article>\n<article class='mix portfolio_category_75 portfolio_category_104 portfolio_category_88 default' style=''>\n    \n    \n    \n    \n            <div class=\"item_holder thin_plus_only\">\n\n                    <div class=\"text_holder\">\n        <div class=\"text_holder_outer\">\n            <div class=\"text_holder_inner\">\n                            <span class=\"thin_plus_only_icon\">+<\/span>\n                        <\/div>\n        <\/div>\n    <\/div>\n\n                                    <a itemprop=\"url\" class=\"portfolio_link_class\" title=\"Restaurants in C\u00e1diz\" href=\"https:\/\/guialuz.com\/de\/info\/restaurants-in-cadiz\/\"><\/a>\n                \n                <div style=\"background-color: rgba(253,236,0,0.45)\" class=\"portfolio_shader\"><\/div>\n                <div class=\"image_holder\">\n                    \n<span class='image'><img loading=\"lazy\" decoding=\"async\" width=\"500\" height=\"281\" src=\"https:\/\/guialuz.com\/wp-content\/uploads\/guialuz-cadiz.jpg\" class=\"attachment-full size-full wp-post-image\" alt=\"Gu\u00eda Luz C\u00e1diz\" \/><\/span>                <\/div>\n            <\/div>\n\n                <div class='portfolio_description ' >\n\n        \n    <h5 itemprop=\"name\" class=\"portfolio_title entry_title\"><a itemprop=\"url\" href=\"https:\/\/guialuz.com\/de\/info\/restaurants-in-cadiz\/\" style=\"color: #ffffff\" target=\"_self\"> Restaurants in C\u00e1diz<\/a><\/h5>\n\n\n        \n        \n    <\/div>\n\n        \n<\/article>\n<article class='mix portfolio_category_104 portfolio_category_105 default' style=''>\n    \n    \n    \n    \n            <div class=\"item_holder thin_plus_only\">\n\n                    <div class=\"text_holder\">\n        <div class=\"text_holder_outer\">\n            <div class=\"text_holder_inner\">\n                            <span class=\"thin_plus_only_icon\">+<\/span>\n                        <\/div>\n        <\/div>\n    <\/div>\n\n                                    <a itemprop=\"url\" class=\"portfolio_link_class\" title=\"Restaurants in&lt;br\/&gt; Sanl\u00facar de Barrameda\" href=\"https:\/\/guialuz.com\/de\/info\/restaurants-sanlucar-barrameda\/\"><\/a>\n                \n                <div style=\"background-color: rgba(253,236,0,0.45)\" class=\"portfolio_shader\"><\/div>\n                <div class=\"image_holder\">\n                    \n<span class='image'><img loading=\"lazy\" decoding=\"async\" width=\"500\" height=\"281\" src=\"https:\/\/guialuz.com\/wp-content\/uploads\/Comercios-Sanlucar-de-Barameda-Plaza-Cabildo2.jpg\" class=\"attachment-full size-full wp-post-image\" alt=\"\" \/><\/span>                <\/div>\n            <\/div>\n\n                <div class='portfolio_description ' >\n\n        \n    <h5 itemprop=\"name\" class=\"portfolio_title entry_title\"><a itemprop=\"url\" href=\"https:\/\/guialuz.com\/de\/info\/restaurants-sanlucar-barrameda\/\" style=\"color: #ffffff\" target=\"_self\"> Restaurants in<br\/> Sanl\u00facar de Barrameda<\/a><\/h5>\n\n\n        \n        \n    <\/div>\n\n        \n<\/article>\n        <div class='filler'><\/div>\n            <div class='filler'><\/div>\n            <div class='filler'><\/div>\n        <\/div>\n\n    \n    <\/div>[\/vc_column][\/vc_row][vc_row css_animation=&#8220;&#8220; row_type=&#8220;row&#8220; use_row_as_full_screen_section=&#8220;no&#8220; type=&#8220;full_width&#8220; angled_section=&#8220;no&#8220; text_align=&#8220;left&#8220; background_image_as_pattern=&#8220;without_pattern&#8220;][vc_column][vc_empty_space][\/vc_column][\/vc_row]<\/p>\n<\/div>","protected":false},"excerpt":{"rendered":"<p>[vc_row css_animation=&#8220;&#8220; row_type=&#8220;row&#8220; use_row_as_full_screen_section=&#8220;no&#8220; type=&#8220;grid&#8220; anchor=&#8220;news&#8220; angled_section=&#8220;no&#8220; text_align=&#8220;center&#8220; background_image=&#8220;828&#8243; background_image_as_pattern=&#8220;without_pattern&#8220; css=&#8220;.vc_custom_1493835575019{padding-top: 0% !important;padding-bottom: 0% !important;}&#8220;][vc_column css=&#8220;.vc_custom_1469530614343{padding-top: 16.9% !important;padding-bottom: 13.9% !important;}&#8220;][vc_column_text][\/vc_column_text][\/vc_column][\/vc_row][vc_row css_animation=&#8220;&#8220; row_type=&#8220;row&#8220; use_row_as_full_screen_section=&#8220;no&#8220; type=&#8220;full_width&#8220; angled_section=&#8220;no&#8220; text_align=&#8220;left&#8220; background_image_as_pattern=&#8220;without_pattern&#8220;][vc_column][vc_empty_space][vc_column_text] Wo Essen, Restaurants in Cadiz und Costa de la Luz [\/vc_column_text][\/vc_column][\/vc_row][vc_row css_animation=&#8220;&#8220; row_type=&#8220;row&#8220; use_row_as_full_screen_section=&#8220;no&#8220; type=&#8220;grid&#8220; angled_section=&#8220;no&#8220; text_align=&#8220;left&#8220; background_image_as_pattern=&#8220;without_pattern&#8220;][vc_column&#8230;<\/p>\n","protected":false},"author":1,"featured_media":0,"parent":0,"menu_order":0,"comment_status":"closed","ping_status":"closed","template":"full_width.php","meta":{"sfsi_plus_gutenberg_text_before_share":"","sfsi_plus_gutenberg_show_text_before_share":"","sfsi_plus_gutenberg_icon_type":"","sfsi_plus_gutenberg_icon_alignemt":"","sfsi_plus_gutenburg_max_per_row":"","footnotes":""},"_links":{"self":[{"href":"https:\/\/guialuz.com\/de\/wp-json\/wp\/v2\/pages\/1826"}],"collection":[{"href":"https:\/\/guialuz.com\/de\/wp-json\/wp\/v2\/pages"}],"about":[{"href":"https:\/\/guialuz.com\/de\/wp-json\/wp\/v2\/types\/page"}],"author":[{"embeddable":true,"href":"https:\/\/guialuz.com\/de\/wp-json\/wp\/v2\/users\/1"}],"replies":[{"embeddable":true,"href":"https:\/\/guialuz.com\/de\/wp-json\/wp\/v2\/comments?post=1826"}],"version-history":[{"count":3,"href":"https:\/\/guialuz.com\/de\/wp-json\/wp\/v2\/pages\/1826\/revisions"}],"predecessor-version":[{"id":2367,"href":"https:\/\/guialuz.com\/de\/wp-json\/wp\/v2\/pages\/1826\/revisions\/2367"}],"wp:attachment":[{"href":"https:\/\/guialuz.com\/de\/wp-json\/wp\/v2\/media?parent=1826"}],"curies":[{"name":"wp","href":"https:\/\/api.w.org\/{rel}","templated":true}]}}