{"id":1828,"date":"2017-09-11T20:03:25","date_gmt":"2017-09-11T20:03:25","guid":{"rendered":"https:\/\/guialuz.com\/de\/?page_id=1828"},"modified":"2017-12-15T17:41:40","modified_gmt":"2017-12-15T17:41:40","slug":"wo-schlafen","status":"publish","type":"page","link":"https:\/\/guialuz.com\/de\/wo-schlafen\/","title":{"rendered":"Wo schlafen"},"content":{"rendered":"<div class=\"wpb-content-wrapper\"><p>[vc_row css_animation=&#8220;&#8220; row_type=&#8220;row&#8220; use_row_as_full_screen_section=&#8220;no&#8220; type=&#8220;grid&#8220; anchor=&#8220;news&#8220; angled_section=&#8220;no&#8220; text_align=&#8220;center&#8220; background_image=&#8220;820&#8243; background_image_as_pattern=&#8220;without_pattern&#8220; css=&#8220;.vc_custom_1493835521524{padding-top: 0% !important;padding-bottom: 0% !important;}&#8220;][vc_column css=&#8220;.vc_custom_1469530614343{padding-top: 16.9% !important;padding-bottom: 13.9% !important;}&#8220;][vc_column_text][\/vc_column_text][\/vc_column][\/vc_row][vc_row css_animation=&#8220;&#8220; row_type=&#8220;row&#8220; use_row_as_full_screen_section=&#8220;no&#8220; type=&#8220;full_width&#8220; angled_section=&#8220;no&#8220; text_align=&#8220;left&#8220; background_image_as_pattern=&#8220;without_pattern&#8220;][vc_column][vc_empty_space][vc_column_text]<\/p>\n<h1 style=\"text-align: center;\">Wo \u00fcbernachten, Hotels in Cadiz und an der Costa de la Luz<\/h1>\n<p>[\/vc_column_text][\/vc_column][\/vc_row][vc_row css_animation=&#8220;&#8220; row_type=&#8220;row&#8220; use_row_as_full_screen_section=&#8220;no&#8220; type=&#8220;grid&#8220; angled_section=&#8220;no&#8220; text_align=&#8220;left&#8220; background_image_as_pattern=&#8220;without_pattern&#8220;][vc_column width=&#8220;1\/6&#8243;][\/vc_column][vc_column width=&#8220;2\/3&#8243;][vc_empty_space][vc_accordion active_tab=&#8220;false&#8220; collapsible=&#8220;yes&#8220; style=&#8220;accordion&#8220;][vc_accordion_tab title=&#8220;Hotels an der Costa de la Luz, Cadiz, Andalusien&#8220; title_tag=&#8220;h2&#8243;][vc_column_text]Die Auswahl an guten <strong>Hotels an der Costa de la Luz<\/strong> in Andalusien und erstklassigen Unterk\u00fcnften ist enorm.<\/p>\n<p>&nbsp;<\/p>\n<p>Ob <strong>Hotels in Cadiz<\/strong>, ein Hotel am Strand in Chipiona oder Sanl\u00facar, Golfhotel mit SPA an der Costa del Sol oder Almer\u00eda, Tagungshotel in Malaga, elegantes <strong>Boutique Hotel<\/strong> in Sevilla oder Hotels in historischen Geb\u00e4uden in Granada und C\u00f3rdoba &#8211; Andalusien bietet f\u00fcr jeden Reisenden die passende Unterkunft.<\/p>\n<p>&nbsp;<\/p>\n<p>In den letzten Jahren sind neue <strong>Hotels in Andalusien\u00a0<\/strong>und Anlagen mit\u00a0<b>Apartments am Strand\u00a0<\/b>entstanden. Oder es wurden vorhandene renoviert, meistens unter dem Aspekt des nachhaltigen Tourismus.<\/p>\n<p>&nbsp;<\/p>\n<p>In kleineren St\u00e4dten an der K\u00fcste empfehlen wir au\u00dferhalb der <strong>Hochsaison in Andalusien<\/strong>, die von Ende Juni bis Anfang September geht, pers\u00f6nlich gef\u00fchrte Hotels, Hostels, Apart Hotels, Fewos und Pensionen. Denn sie bieten einen angenehmen Service.<\/p>\n<p>&nbsp;<\/p>\n<p>Daneben gibt es am Strand\u00a0Hotels an der Costa de la Luz\u00a0in der Provinz Cadiz und der Provinz Huelva, die sich dank Ihrer niedrigen Bauweise bis zur H\u00f6he einer Palme perfekt in die Landschaft integrieren. Wenn Sie in der Nebensaison reisen, haben Sie <strong>lange feine Sandstr\u00e4nde<\/strong> nahezu f\u00fcr sich.<\/p>\n<p>&nbsp;<\/p>\n<p>An der Costa del Sol finden Sie erstklassige Golfhotels mit SPA und Gesundheitsangeboten. Zudem gepflegte Strandpromenaden, unz\u00e4hlige Golfpl\u00e4tze, Marinas und internationale Beachclubs.<\/p>\n<p>&nbsp;<\/p>\n<p>Almer\u00eda zeichnet sich durch die wunderbare Wasserqualit\u00e4t und optimales Klima zum \u00dcberwintern aus. Daher ist Almer\u00eda ideal f\u00fcr Langzeiturlaub, Aktivferien wie Golfurlaub und Wanderurlaub.<\/p>\n<p>&nbsp;<\/p>\n<p>Im Idealfall kombinieren Sie Ihren Aufenthalt mit einer <strong>Rundreise durch Andalusien<\/strong>, bei der Sie die Vielfalt der Unterk\u00fcnfte von Apartments \u00fcber Cortijos, Hotels am Strand bis zum Wohnen im Palast kennenlernen. Nicht zu vergessen ist eine Route durch die Berge mit den wei\u00dfen D\u00f6rfern. Jerez de la Frontera ist f\u00fcr Weinliebhaber die ideal gelegene Stadt, bei der Sie mehrere Tage ben\u00f6tigen, um alle historischen Weinkellereien mitsamt Verkostung zu besichtigen.<\/p>\n<p>&nbsp;<\/p>\n<p>Besonders sind <strong>Unterk\u00fcnfte<\/strong> <strong>f\u00fcr Kulturreisen <\/strong>und<strong> Studienreisen<\/strong>\u00a0in historischen Geb\u00e4uden wie in C\u00f3rdoba, Granada, Ja\u00e9n und Sevilla zu empfehlen. Denn diese Hotels werden Sie von Al-Andalus tr\u00e4umen lassen.<\/p>\n<p>&nbsp;<\/p>\n<p>Das was diese Region wirklich von anderen Urlaubsregionen unterscheidet, ist neben der Vielfalt der <strong>Unterk\u00fcnfte in Andalusien<\/strong> und dem sonnigen Klima die unaufdringliche Freundlichkeit, Lebensfreude und positive Lebenseinstellung seiner Menschen. Das macht das <strong>Reisen in Andalusien<\/strong> so angenehm authentisch und unvergesslich. Sie werden das so in anderen Urlaubszielen in Spanien kaum mehr vorfinden.[\/vc_column_text][\/vc_accordion_tab][\/vc_accordion][\/vc_column][vc_column width=&#8220;1\/6&#8243;][\/vc_column][\/vc_row][vc_row css_animation=&#8220;&#8220; row_type=&#8220;row&#8220; use_row_as_full_screen_section=&#8220;no&#8220; type=&#8220;grid&#8220; angled_section=&#8220;no&#8220; text_align=&#8220;left&#8220; background_image_as_pattern=&#8220;without_pattern&#8220; css=&#8220;.vc_custom_1469778626730{padding-top: 7.3% !important;padding-bottom: 6.4% !important;}&#8220;][vc_column]<div class='projects_holder_outer v3 portfolio_with_space portfolio_standard'>\n        <div class='projects_holder portfolio_main_holder clearfix v3 standard portfolio_full_image '>\n        \n        <article class='mix portfolio_category_76 portfolio_category_97 default' style=''>\n    \n    \n    \n    \n            <div class=\"item_holder thin_plus_only\">\n\n                    <div class=\"text_holder\">\n        <div class=\"text_holder_outer\">\n            <div class=\"text_holder_inner\">\n                            <span class=\"thin_plus_only_icon\">+<\/span>\n                        <\/div>\n        <\/div>\n    <\/div>\n\n                                    <a itemprop=\"url\" class=\"portfolio_link_class\" title=\"Hotels &lt;br\/&gt; Chipiona\" href=\"https:\/\/guialuz.com\/de\/info\/hotels-chipiona\/\"><\/a>\n                \n                <div style=\"background-color: rgba(253,236,0,0.52)\" class=\"portfolio_shader\"><\/div>\n                <div class=\"image_holder\">\n                    \n<span class='image'><img loading=\"lazy\" decoding=\"async\" width=\"500\" height=\"281\" src=\"https:\/\/guialuz.com\/wp-content\/uploads\/hotels-hostels-chipiona-titel.jpg\" class=\"attachment-full size-full wp-post-image\" alt=\"hotels-hostels-apartamentos chipiona\" \/><\/span>                <\/div>\n            <\/div>\n\n                <div class='portfolio_description ' >\n\n        \n    <h5 itemprop=\"name\" class=\"portfolio_title entry_title\"><a itemprop=\"url\" href=\"https:\/\/guialuz.com\/de\/info\/hotels-chipiona\/\" style=\"color: #ffffff\" target=\"_self\"> Hotels <br\/> Chipiona<\/a><\/h5>\n\n\n        \n        \n    <\/div>\n\n        \n<\/article>\n<article class='mix portfolio_category_97 portfolio_category_105 default' style=''>\n    \n    \n    \n    \n            <div class=\"item_holder thin_plus_only\">\n\n                    <div class=\"text_holder\">\n        <div class=\"text_holder_outer\">\n            <div class=\"text_holder_inner\">\n                            <span class=\"thin_plus_only_icon\">+<\/span>\n                        <\/div>\n        <\/div>\n    <\/div>\n\n                                    <a itemprop=\"url\" class=\"portfolio_link_class\" title=\"Hotels &lt;br\/&gt; Sanl\u00facar de Barrameda\" href=\"https:\/\/guialuz.com\/de\/info\/hotels-sanlucar-barrameda\/\"><\/a>\n                \n                <div style=\"background-color: rgba(253,236,0,0.52)\" class=\"portfolio_shader\"><\/div>\n                <div class=\"image_holder\">\n                    \n<span class='image'><img loading=\"lazy\" decoding=\"async\" width=\"500\" height=\"281\" src=\"https:\/\/guialuz.com\/wp-content\/uploads\/hotels-hostels-sanlucar-de-barrameda-titel.jpg\" class=\"attachment-full size-full wp-post-image\" alt=\"turismo sanlucar de barrameda\" \/><\/span>                <\/div>\n            <\/div>\n\n                <div class='portfolio_description ' >\n\n        \n    <h5 itemprop=\"name\" class=\"portfolio_title entry_title\"><a itemprop=\"url\" href=\"https:\/\/guialuz.com\/de\/info\/hotels-sanlucar-barrameda\/\" style=\"color: #ffffff\" target=\"_self\"> Hotels <br\/> Sanl\u00facar de Barrameda<\/a><\/h5>\n\n\n        \n        \n    <\/div>\n\n        \n<\/article>\n<article class='mix portfolio_category_75 portfolio_category_97 default' style=''>\n    \n    \n    \n    \n            <div class=\"item_holder thin_plus_only\">\n\n                    <div class=\"text_holder\">\n        <div class=\"text_holder_outer\">\n            <div class=\"text_holder_inner\">\n                            <span class=\"thin_plus_only_icon\">+<\/span>\n                        <\/div>\n        <\/div>\n    <\/div>\n\n                                    <a itemprop=\"url\" class=\"portfolio_link_class\" title=\"Hotels &lt;br\/&gt;C\u00e1diz Stadt\" href=\"https:\/\/guialuz.com\/de\/info\/hotels-cadiz-stadt\/\"><\/a>\n                \n                <div style=\"background-color: rgba(253,236,0,0.52)\" class=\"portfolio_shader\"><\/div>\n                <div class=\"image_holder\">\n                    \n<span class='image'><img loading=\"lazy\" decoding=\"async\" width=\"500\" height=\"281\" src=\"https:\/\/guialuz.com\/wp-content\/uploads\/hotels-hostels-cadiz-titel.jpg\" class=\"attachment-full size-full wp-post-image\" alt=\"hotels cadiz costa de la luz\" \/><\/span>                <\/div>\n            <\/div>\n\n                <div class='portfolio_description ' >\n\n        \n    <h5 itemprop=\"name\" class=\"portfolio_title entry_title\"><a itemprop=\"url\" href=\"https:\/\/guialuz.com\/de\/info\/hotels-cadiz-stadt\/\" style=\"color: #ffffff\" target=\"_self\"> Hotels <br\/>C\u00e1diz Stadt<\/a><\/h5>\n\n\n        \n        \n    <\/div>\n\n        \n<\/article>\n        <div class='filler'><\/div>\n            <div class='filler'><\/div>\n            <div class='filler'><\/div>\n        <\/div>\n\n    \n    <\/div>[\/vc_column][\/vc_row][vc_row css_animation=&#8220;&#8220; row_type=&#8220;row&#8220; use_row_as_full_screen_section=&#8220;no&#8220; type=&#8220;full_width&#8220; angled_section=&#8220;no&#8220; text_align=&#8220;left&#8220; background_image_as_pattern=&#8220;without_pattern&#8220;][vc_column][vc_empty_space][\/vc_column][\/vc_row]<\/p>\n<\/div>","protected":false},"excerpt":{"rendered":"<p>[vc_row css_animation=&#8220;&#8220; row_type=&#8220;row&#8220; use_row_as_full_screen_section=&#8220;no&#8220; type=&#8220;grid&#8220; anchor=&#8220;news&#8220; angled_section=&#8220;no&#8220; text_align=&#8220;center&#8220; background_image=&#8220;820&#8243; background_image_as_pattern=&#8220;without_pattern&#8220; css=&#8220;.vc_custom_1493835521524{padding-top: 0% !important;padding-bottom: 0% !important;}&#8220;][vc_column css=&#8220;.vc_custom_1469530614343{padding-top: 16.9% !important;padding-bottom: 13.9% !important;}&#8220;][vc_column_text][\/vc_column_text][\/vc_column][\/vc_row][vc_row css_animation=&#8220;&#8220; row_type=&#8220;row&#8220; use_row_as_full_screen_section=&#8220;no&#8220; type=&#8220;full_width&#8220; angled_section=&#8220;no&#8220; text_align=&#8220;left&#8220; background_image_as_pattern=&#8220;without_pattern&#8220;][vc_column][vc_empty_space][vc_column_text] Wo \u00fcbernachten, Hotels in Cadiz und an der Costa de la Luz [\/vc_column_text][\/vc_column][\/vc_row][vc_row css_animation=&#8220;&#8220; row_type=&#8220;row&#8220; use_row_as_full_screen_section=&#8220;no&#8220; type=&#8220;grid&#8220; angled_section=&#8220;no&#8220;&#8230;<\/p>\n","protected":false},"author":1,"featured_media":0,"parent":0,"menu_order":0,"comment_status":"closed","ping_status":"closed","template":"full_width.php","meta":{"sfsi_plus_gutenberg_text_before_share":"","sfsi_plus_gutenberg_show_text_before_share":"","sfsi_plus_gutenberg_icon_type":"","sfsi_plus_gutenberg_icon_alignemt":"","sfsi_plus_gutenburg_max_per_row":"","footnotes":""},"_links":{"self":[{"href":"https:\/\/guialuz.com\/de\/wp-json\/wp\/v2\/pages\/1828"}],"collection":[{"href":"https:\/\/guialuz.com\/de\/wp-json\/wp\/v2\/pages"}],"about":[{"href":"https:\/\/guialuz.com\/de\/wp-json\/wp\/v2\/types\/page"}],"author":[{"embeddable":true,"href":"https:\/\/guialuz.com\/de\/wp-json\/wp\/v2\/users\/1"}],"replies":[{"embeddable":true,"href":"https:\/\/guialuz.com\/de\/wp-json\/wp\/v2\/comments?post=1828"}],"version-history":[{"count":3,"href":"https:\/\/guialuz.com\/de\/wp-json\/wp\/v2\/pages\/1828\/revisions"}],"predecessor-version":[{"id":2345,"href":"https:\/\/guialuz.com\/de\/wp-json\/wp\/v2\/pages\/1828\/revisions\/2345"}],"wp:attachment":[{"href":"https:\/\/guialuz.com\/de\/wp-json\/wp\/v2\/media?parent=1828"}],"curies":[{"name":"wp","href":"https:\/\/api.w.org\/{rel}","templated":true}]}}