{"id":1831,"date":"2017-09-11T20:04:19","date_gmt":"2017-09-11T20:04:19","guid":{"rendered":"https:\/\/guialuz.com\/de\/?page_id=1831"},"modified":"2018-02-21T19:05:40","modified_gmt":"2018-02-21T19:05:40","slug":"guia-luz-andalusien","status":"publish","type":"page","link":"https:\/\/guialuz.com\/de\/guia-luz-andalusien\/","title":{"rendered":"Guia LUZ Reiseverlag"},"content":{"rendered":"<div class=\"wpb-content-wrapper\"><p>[vc_row css_animation=&#8220;&#8220; row_type=&#8220;row&#8220; use_row_as_full_screen_section=&#8220;no&#8220; type=&#8220;full_width&#8220; angled_section=&#8220;no&#8220; text_align=&#8220;left&#8220; background_image_as_pattern=&#8220;without_pattern&#8220;][vc_column][vc_column_text]<\/p>\n<h1 style=\"text-align: center;\">Wer ist Gu\u00eda Luz Reiseverlag in Andalusien<\/h1>\n<p>[\/vc_column_text][\/vc_column][\/vc_row][vc_row css_animation=&#8220;&#8220; row_type=&#8220;row&#8220; use_row_as_full_screen_section=&#8220;no&#8220; type=&#8220;full_width&#8220; angled_section=&#8220;no&#8220; text_align=&#8220;left&#8220; background_image_as_pattern=&#8220;without_pattern&#8220;][vc_column width=&#8220;1\/2&#8243;][vc_column_text]<img loading=\"lazy\" decoding=\"async\" class=\"wp-image-2050 size-full\" src=\"https:\/\/guialuz.com\/wp-content\/uploads\/guia-luz-logo.png\" alt=\"Logo Gu\u00eda Luz\" width=\"350\" height=\"117\" \/>[\/vc_column_text][vc_empty_space][\/vc_column][vc_column width=&#8220;1\/2&#8243;][vc_empty_space][\/vc_column][\/vc_row][vc_row css_animation=&#8220;&#8220; row_type=&#8220;row&#8220; use_row_as_full_screen_section=&#8220;no&#8220; type=&#8220;full_width&#8220; angled_section=&#8220;no&#8220; text_align=&#8220;left&#8220; background_image_as_pattern=&#8220;without_pattern&#8220;][vc_column width=&#8220;1\/2&#8243;][vc_column_text]Gu\u00eda Luz, <strong>Reiseverlag und Agentur in Andalusien<\/strong>, hat sich zum Ziel gesetzt, die Identit\u00e4tsmerkmale der <strong>Reiseziele in Andalusien<\/strong> Spanien zu vermitteln und zu erkl\u00e4ren anhand der Entwicklung von Inhalten, die kulturelle und nat\u00fcrliche Besonderheiten beschreiben, die ein Gebiet bereichern mit dem Ziel dessen kulturelles und nat\u00fcrliches Erbe zu w\u00fcrdigen.<\/p>\n<p>&nbsp;<\/p>\n<p>Auf diese Art und Weise soll eine dokumentarische Grundlage geschaffen werden, damit ein zuk\u00fcnftiges <strong>nachhaltiges Tourismuskonzept <\/strong>entwickelt wird, das neben der Verbesserung der Lebensumst\u00e4nde der lokalen Bev\u00f6lkerung als Impulsgeber f\u00fcr Aktivit\u00e4ten dient, die qualifizierte Arbeitspl\u00e4tze und neue Unternehmen hervorbringen.<\/p>\n<p>&nbsp;<\/p>\n<p>Um diese Ziele zu erreichen, wurde zun\u00e4chst der <strong>Reiseverlag<\/strong> <strong>Gu\u00eda Luz <\/strong>gegr\u00fcndet, der <strong>Reisef\u00fchrer und Stadtpl\u00e4ne<\/strong> von St\u00e4dten in <a href=\"https:\/\/guialuz.com\/de\/info\/andalusien\/\">Andalusien<\/a> (Spanien) herausgibt.<\/p>\n<p>&nbsp;<\/p>\n<p>Um diese Projekte professionell umzusetzen, setzt sich Gu\u00eda Luz aus einem <strong>multidisziplin\u00e4ren Team<\/strong>\u00a0von Mitarbeitern und Mitarbeiterinnen zusammen, die sich \u00fcber Jahre in Wissensgebieten wie Tourismus, Kulturelles Erbe und Betriebswirtschaft gebildet haben. Zudem verf\u00fcgen sie \u00fcber eine profunde Berufserfahrung in relevanten Positionen in Unternehmen im Bereich Tourismus, die sie in verschiedenen L\u00e4ndern erworben haben.<\/p>\n<p>&nbsp;<\/p>\n<p>Der Inhalt unserer Reisef\u00fchrer wird bereichert durch die Beitr\u00e4ge von nennenswerten einheimischen Spezialisten mit akademischem Hintergrund und <strong>lokalen Reiseinsidern<\/strong>, denn wir sind \u00fcberzeugt, dass niemand eine Stadt so gut kennt wie sie.<\/p>\n<p>&nbsp;<\/p>\n<p>Unser Markenname GU\u00cdA LUZ ist registriert und gesch\u00fctzt und wir erf\u00fcllen alle rechtlichen Voraussetzungen eines Reiseverlags.<\/p>\n<p>&nbsp;<\/p>\n<p>GU\u00cdA LUZ ist unabh\u00e4ngig und wird nicht finanziert von \u00f6ffentlichen Institutionen oder Parteien. Es handelt sich um eine <strong>unternehmerische Initiative<\/strong>, die sich durch die Investitionen von privatem Kapital entwickelt.[\/vc_column_text][vc_empty_space][\/vc_column][vc_column width=&#8220;1\/2&#8243;][vc_column_text]<strong>Meilensteine von Gu\u00eda Luz<\/strong>:<\/p>\n<p><strong>\u00a0<\/strong><\/p>\n<p>Gu\u00eda Luz ist der Markenname des spanischen Verlags mit Sitz in Andalusien. Er wurde im Jahr 2012 von <strong>Herrn F. Javier Rico Jurado<\/strong> gegr\u00fcndet.<\/p>\n<p>&nbsp;<\/p>\n<p><img loading=\"lazy\" decoding=\"async\" class=\"alignnone size-medium wp-image-1650\" src=\"https:\/\/guialuz.com\/wp-content\/uploads\/Guia-Luz-Javier-Rico-Jurado-500x281.jpg\" alt=\"\" width=\"500\" height=\"281\" \/><\/p>\n<p>In diesem Jahr begann die Entwicklung mit der Herausgabe des ersten Reisef\u00fchrers der Stadt Chipiona (Provinz C\u00e1diz) und dem Reisef\u00fchrer von Sanl\u00facar de Barrameda (Provinz C\u00e1diz), die jeweils in spanischer Sprache ver\u00f6ffentlicht wurden.<\/p>\n<p>&nbsp;<\/p>\n<p>Ende 2015 beginnt ein Prozess der Professionalisierung, um die Qualit\u00e4t der Reisef\u00fchrer auf innovative Art und Weise durch ein neues Format und Design zu verbessern, um nationalen und internationalen Kundenbed\u00fcrfnissen besser gerecht zu werden.<\/p>\n<p>&nbsp;<\/p>\n<p>Es wurde eine Expansionsstrategie entwickelt, um die Aktivit\u00e4ten von Gu\u00eda Luz auszudehnen und neues Know-how ins Unternehmen zu bringen. Zudem ber\u00e4t die <strong>Agentur Gu\u00eda Luz<\/strong> lokale kleine und mittlere Unternehmen der Touristikbranche im strategischen Marketing.<\/p>\n<p>&nbsp;<\/p>\n<p>Ab 2016 werden die\u00a0<strong>Reisef\u00fchrer von Gu\u00eda Luz<\/strong> international \u00fcber verschiedene Vertriebskan\u00e4le angeboten, u.a. \u00fcber das Unternehmen Amazon.<\/p>\n<p>&nbsp;<\/p>\n<p>Im Jahr 2017 wird die neue mehrsprachige <strong>Website von Guia Luz<\/strong> Andalusien ver\u00f6ffentlicht. Sie richtet sich an alle, die ihr Reiseziel aufgrund ihres Interesses an der Kultur und Land und Leute ausw\u00e4hlen und dabei einheimische\u00a0<strong>Unternehmen in Andalusien<\/strong> unterst\u00fctzen wollen.<\/p>\n<p>&nbsp;<\/p>\n<p>Heutzutage gibt der <strong>Reiseverlag Gu\u00eda Luz<\/strong> Reisef\u00fchrer und Stadtpl\u00e4ne heraus, die in 3 Sprachen erscheinen: Spanisch, englisch und deutsch. Er unterst\u00fctzt dabei mehr als 200 lokale Unternehmen.<\/p>\n<p>&nbsp;<\/p>\n<p>Gu\u00eda Luz \u2013 Bringt Licht in Ihre Reisetr\u00e4ume.[\/vc_column_text][vc_empty_space][\/vc_column][\/vc_row][vc_row css_animation=&#8220;&#8220; row_type=&#8220;row&#8220; use_row_as_full_screen_section=&#8220;no&#8220; type=&#8220;full_width&#8220; angled_section=&#8220;no&#8220; text_align=&#8220;left&#8220; background_image_as_pattern=&#8220;without_pattern&#8220;][vc_column][vc_empty_space][\/vc_column][\/vc_row]<\/p>\n<\/div>","protected":false},"excerpt":{"rendered":"<p>[vc_row css_animation=&#8220;&#8220; row_type=&#8220;row&#8220; use_row_as_full_screen_section=&#8220;no&#8220; type=&#8220;full_width&#8220; angled_section=&#8220;no&#8220; text_align=&#8220;left&#8220; background_image_as_pattern=&#8220;without_pattern&#8220;][vc_column][vc_column_text] Wer ist Gu\u00eda Luz Reiseverlag in Andalusien [\/vc_column_text][\/vc_column][\/vc_row][vc_row css_animation=&#8220;&#8220; row_type=&#8220;row&#8220; use_row_as_full_screen_section=&#8220;no&#8220; type=&#8220;full_width&#8220; angled_section=&#8220;no&#8220; text_align=&#8220;left&#8220; background_image_as_pattern=&#8220;without_pattern&#8220;][vc_column width=&#8220;1\/2&#8243;][vc_column_text][\/vc_column_text][vc_empty_space][\/vc_column][vc_column width=&#8220;1\/2&#8243;][vc_empty_space][\/vc_column][\/vc_row][vc_row css_animation=&#8220;&#8220; row_type=&#8220;row&#8220; use_row_as_full_screen_section=&#8220;no&#8220; type=&#8220;full_width&#8220; angled_section=&#8220;no&#8220; text_align=&#8220;left&#8220; background_image_as_pattern=&#8220;without_pattern&#8220;][vc_column width=&#8220;1\/2&#8243;][vc_column_text]Gu\u00eda Luz, Reiseverlag und Agentur in Andalusien, hat sich zum Ziel gesetzt, die&#8230;<\/p>\n","protected":false},"author":1,"featured_media":0,"parent":0,"menu_order":0,"comment_status":"closed","ping_status":"closed","template":"","meta":{"sfsi_plus_gutenberg_text_before_share":"","sfsi_plus_gutenberg_show_text_before_share":"","sfsi_plus_gutenberg_icon_type":"","sfsi_plus_gutenberg_icon_alignemt":"","sfsi_plus_gutenburg_max_per_row":"","footnotes":""},"_links":{"self":[{"href":"https:\/\/guialuz.com\/de\/wp-json\/wp\/v2\/pages\/1831"}],"collection":[{"href":"https:\/\/guialuz.com\/de\/wp-json\/wp\/v2\/pages"}],"about":[{"href":"https:\/\/guialuz.com\/de\/wp-json\/wp\/v2\/types\/page"}],"author":[{"embeddable":true,"href":"https:\/\/guialuz.com\/de\/wp-json\/wp\/v2\/users\/1"}],"replies":[{"embeddable":true,"href":"https:\/\/guialuz.com\/de\/wp-json\/wp\/v2\/comments?post=1831"}],"version-history":[{"count":3,"href":"https:\/\/guialuz.com\/de\/wp-json\/wp\/v2\/pages\/1831\/revisions"}],"predecessor-version":[{"id":2432,"href":"https:\/\/guialuz.com\/de\/wp-json\/wp\/v2\/pages\/1831\/revisions\/2432"}],"wp:attachment":[{"href":"https:\/\/guialuz.com\/de\/wp-json\/wp\/v2\/media?parent=1831"}],"curies":[{"name":"wp","href":"https:\/\/api.w.org\/{rel}","templated":true}]}}