{"id":1833,"date":"2017-09-11T20:06:01","date_gmt":"2017-09-11T20:06:01","guid":{"rendered":"https:\/\/guialuz.com\/de\/?page_id=1833"},"modified":"2018-08-18T22:36:29","modified_gmt":"2018-08-18T22:36:29","slug":"lokale-reise-insider-in-andalusien","status":"publish","type":"page","link":"https:\/\/guialuz.com\/de\/lokale-reise-insider-in-andalusien\/","title":{"rendered":"Lokale Reise-Insider in Andalusien"},"content":{"rendered":"<div class=\"wpb-content-wrapper\"><p>[vc_row css_animation=&#8220;&#8220; row_type=&#8220;row&#8220; use_row_as_full_screen_section=&#8220;no&#8220; type=&#8220;full_width&#8220; angled_section=&#8220;no&#8220; text_align=&#8220;left&#8220; background_image_as_pattern=&#8220;without_pattern&#8220;][vc_column][vc_column_text]<\/p>\n<h1 style=\"text-align: center;\">Lokale Reise-Insider in Andalusien<\/h1>\n<p>[\/vc_column_text][\/vc_column][\/vc_row][vc_row css_animation=&#8220;&#8220; row_type=&#8220;row&#8220; use_row_as_full_screen_section=&#8220;no&#8220; type=&#8220;full_width&#8220; angled_section=&#8220;no&#8220; text_align=&#8220;left&#8220; background_image_as_pattern=&#8220;without_pattern&#8220;][vc_column][vc_empty_space][vc_column_text]<\/p>\n<h3 style=\"text-align: center;\">Kontaktieren Sie uns, wenn Sie mehr \u00fcber Gu\u00eda Luz erfahren m\u00f6chten.<\/h3>\n<p>[\/vc_column_text][vc_empty_space][\/vc_column][\/vc_row][vc_row css_animation=&#8220;&#8220; row_type=&#8220;row&#8220; use_row_as_full_screen_section=&#8220;no&#8220; type=&#8220;full_width&#8220; angled_section=&#8220;no&#8220; text_align=&#8220;left&#8220; background_image_as_pattern=&#8220;without_pattern&#8220;][vc_column width=&#8220;1\/2&#8243;][vc_single_image image=&#8220;1650&#8243; img_size=&#8220;full&#8220; qode_css_animation=&#8220;&#8220;][vc_empty_space][vc_column_text]<\/p>\n<h3>Javier Rico Jurado<\/h3>\n<p><strong>Javier Rico Jurado<\/strong> wurde in der Stadt Sevilla geboren. Seine Gro\u00dfeltern v\u00e4terlicherseits sind aus C\u00e1diz und m\u00fctterlicherseits aus M\u00e1laga. Er lebt seit seiner fr\u00fchesten Kindheit in Chipiona (Provinz C\u00e1diz\/ Andalusien\/ Spanien). Nicht nur wegen der Herkunft und Lebensumst\u00e4nde bezeichnet er Andalusien als seine Heimat. Er ist Experte f\u00fcr Kulturerbe und kulturellen Tourismus zertifiziert von der Universit\u00e4t von C\u00e1diz und damit Ihr lokaler Reise-Insider in Andalusien.<\/p>\n<p>&nbsp;<\/p>\n<p>Neben seinem Interesse am kulturellen Erbe und der Geschichte entdeckt er in seiner Freizeit gern neue Orte und reist in <a href=\"https:\/\/guialuz.com\/de\/info\/andalusien\/\">Andalusien<\/a>. Ihn begeistert Sport, den er auch gern ganz nach dem Motto \u201c \u201cMens sana in corpore sano\u201d praktiziert. Zudem ist er involviert in die Organisation und Entwicklung von neuen Sportarten wie z.B.<strong> FootGolf<\/strong>.[\/vc_column_text][vc_empty_space][vc_accordion active_tab=&#8220;false&#8220; collapsible=&#8220;yes&#8220; style=&#8220;accordion&#8220;][vc_accordion_tab title=&#8220;Kein Blog, kein Start-up. Ein Projekt mit Ziel.&#8220;][vc_column_text]Mehr als 15 Jahre war er Inhaber und Leiter von bis zu zwei Buchhandlungen und nebenbei Ehrenamtlicher in einem lokalen Verein zur Bewahrung des kulturellen und geschichtlichen Erbes. Durch die Verbindung dieser beiden Facetten entstand das Bewusstsein und der Wunsch sich weiterzubilden, um mit dem notwendigen Wissen das kulturelle, geschichtliche und k\u00fcnstlerische Erbe sowie das Naturerbe zu beschreiben. Am Anfang war das Naheliegendste die Stadt Chipiona, sp\u00e4ter folgten andere St\u00e4dten in Andalusien.<\/p>\n<p>Diese Aufgabe begann er mit dem Hauptziel zu entwickeln, alle Elemente des lokalen Erbes wertzusch\u00e4tzen, die ein Ziel einzigartig machen. Um seine Kultur zu kennen, sollte man zu ihrem Erhalt beitragen, denn die Kultur oder Identit\u00e4t eines Ortes, Region oder eines Gebiets ist nicht nur ein touristisches Produkt zum Vermarkten, sondern dient dazu, dass die kommenden Generationen das gemeinsame Erbe, das wir von unseren Vorfahren erhalten haben, erleben k\u00f6nnen. Und sollte es besucht und besichtigt werden, dann m\u00f6glichst in einer nachhaltigen Art und Weise. Um das m\u00f6glich zu machen, ist er im Kontakt mit lokalen Unterst\u00fctzern, welche am Besten ihr Land kennen.<\/p>\n<p>Um diesen Reichtum einem erweiterten und internationalen Publikum zu vermitteln, sind die Reisef\u00fchrer und Ver\u00f6ffentlichungen seit 2015 in mehreren Sprachen (spanisch\/englisch\/ deutsch) verf\u00fcgbar. Um Menschen in seinem Umfeld zu unterst\u00fctzen, werden in den Reisef\u00fchrern immer lokale touristische Unternehmen beworben und Einheimische und lokale Verb\u00e4nde hervorgehoben ganz nach dem Motto \u201cReisef\u00fchrer &#8211; gemacht von Einheimischen\u201d.<\/p>\n<p>&nbsp;<\/p>\n<p>[\/vc_column_text][\/vc_accordion_tab][\/vc_accordion][vc_empty_space][\/vc_column][vc_column width=&#8220;1\/2&#8243;][vc_single_image image=&#8220;2478&#8243; img_size=&#8220;full&#8220; qode_css_animation=&#8220;&#8220;][vc_empty_space][vc_column_text]<strong>Javier Rico Jurado:<\/strong><br \/>\nEin weiser Freund, mit dem ich einmal einen Kaffee getrunken habe, hat mir einen Satz auf die Papierserviette geschrieben, der folgendes besagt: &lt;&lt; Die klassischen Uhren tragen f\u00fcr gew\u00f6hnlich den Spruch \u201cTempus fugit\u201d (die Zeit fliegt). Deshalb sollte der Mensch zu den urspr\u00fcnglichen Fragen wie \u201cQui sumus\u201d (Wer sind wir), \u201cUbi venit\u201d (Woher kommen wir) und \u201cQuo vado\u201d (Wohin werden wir gehen) zur\u00fcckkommen.&gt;&gt; Gutes Wetter, Reisen nach Spanien, Andalusien und die Geschichte Spaniens wertsch\u00e4tzen oder ans Licht bringen, von der Pr\u00e4historie bis zur heutigen Zeit, jede und jeder kann es entdecken, in geschriebenen Dokumenten wie in arch\u00e4ologischen Resten, welche wir Spanier und Spanierinnen geerbt haben.[\/vc_column_text][vc_empty_space][\/vc_column][\/vc_row][vc_row css_animation=&#8220;&#8220; row_type=&#8220;row&#8220; use_row_as_full_screen_section=&#8220;no&#8220; type=&#8220;full_width&#8220; angled_section=&#8220;no&#8220; text_align=&#8220;left&#8220; background_image_as_pattern=&#8220;without_pattern&#8220;][vc_column][vc_empty_space][\/vc_column][\/vc_row]<\/p>\n<\/div>","protected":false},"excerpt":{"rendered":"<p>[vc_row css_animation=&#8220;&#8220; row_type=&#8220;row&#8220; use_row_as_full_screen_section=&#8220;no&#8220; type=&#8220;full_width&#8220; angled_section=&#8220;no&#8220; text_align=&#8220;left&#8220; background_image_as_pattern=&#8220;without_pattern&#8220;][vc_column][vc_column_text] Lokale Reise-Insider in Andalusien [\/vc_column_text][\/vc_column][\/vc_row][vc_row css_animation=&#8220;&#8220; row_type=&#8220;row&#8220; use_row_as_full_screen_section=&#8220;no&#8220; type=&#8220;full_width&#8220; angled_section=&#8220;no&#8220; text_align=&#8220;left&#8220; background_image_as_pattern=&#8220;without_pattern&#8220;][vc_column][vc_empty_space][vc_column_text] Kontaktieren Sie uns, wenn Sie mehr \u00fcber Gu\u00eda Luz erfahren m\u00f6chten. [\/vc_column_text][vc_empty_space][\/vc_column][\/vc_row][vc_row css_animation=&#8220;&#8220; row_type=&#8220;row&#8220; use_row_as_full_screen_section=&#8220;no&#8220; type=&#8220;full_width&#8220; angled_section=&#8220;no&#8220; text_align=&#8220;left&#8220; background_image_as_pattern=&#8220;without_pattern&#8220;][vc_column width=&#8220;1\/2&#8243;][vc_single_image image=&#8220;1650&#8243; img_size=&#8220;full&#8220; qode_css_animation=&#8220;&#8220;][vc_empty_space][vc_column_text] Javier Rico&#8230;<\/p>\n","protected":false},"author":1,"featured_media":0,"parent":0,"menu_order":0,"comment_status":"closed","ping_status":"closed","template":"","meta":{"sfsi_plus_gutenberg_text_before_share":"","sfsi_plus_gutenberg_show_text_before_share":"","sfsi_plus_gutenberg_icon_type":"","sfsi_plus_gutenberg_icon_alignemt":"","sfsi_plus_gutenburg_max_per_row":"","footnotes":""},"_links":{"self":[{"href":"https:\/\/guialuz.com\/de\/wp-json\/wp\/v2\/pages\/1833"}],"collection":[{"href":"https:\/\/guialuz.com\/de\/wp-json\/wp\/v2\/pages"}],"about":[{"href":"https:\/\/guialuz.com\/de\/wp-json\/wp\/v2\/types\/page"}],"author":[{"embeddable":true,"href":"https:\/\/guialuz.com\/de\/wp-json\/wp\/v2\/users\/1"}],"replies":[{"embeddable":true,"href":"https:\/\/guialuz.com\/de\/wp-json\/wp\/v2\/comments?post=1833"}],"version-history":[{"count":4,"href":"https:\/\/guialuz.com\/de\/wp-json\/wp\/v2\/pages\/1833\/revisions"}],"predecessor-version":[{"id":2132,"href":"https:\/\/guialuz.com\/de\/wp-json\/wp\/v2\/pages\/1833\/revisions\/2132"}],"wp:attachment":[{"href":"https:\/\/guialuz.com\/de\/wp-json\/wp\/v2\/media?parent=1833"}],"curies":[{"name":"wp","href":"https:\/\/api.w.org\/{rel}","templated":true}]}}