{"id":1839,"date":"2017-09-11T20:10:44","date_gmt":"2017-09-11T20:10:44","guid":{"rendered":"https:\/\/guialuz.com\/de\/?page_id=1839"},"modified":"2018-02-13T10:25:31","modified_gmt":"2018-02-13T10:25:31","slug":"cookie-informationen","status":"publish","type":"page","link":"https:\/\/guialuz.com\/de\/cookie-informationen\/","title":{"rendered":"Cookie Informationen"},"content":{"rendered":"<div class=\"wpb-content-wrapper\"><p>[vc_row css_animation=&#8220;&#8220; row_type=&#8220;row&#8220; use_row_as_full_screen_section=&#8220;no&#8220; type=&#8220;full_width&#8220; angled_section=&#8220;no&#8220; text_align=&#8220;left&#8220; background_image_as_pattern=&#8220;without_pattern&#8220;][vc_column][vc_empty_space][vc_column_text]<\/p>\n<h1 style=\"text-align: center;\">Information zu dem Cookies Gesetz<\/h1>\n<p>[\/vc_column_text][\/vc_column][\/vc_row][vc_row css_animation=&#8220;&#8220; row_type=&#8220;row&#8220; use_row_as_full_screen_section=&#8220;no&#8220; type=&#8220;grid&#8220; angled_section=&#8220;no&#8220; text_align=&#8220;left&#8220; background_image_as_pattern=&#8220;without_pattern&#8220; css=&#8220;.vc_custom_1469778626730{padding-top: 7.3% !important;padding-bottom: 6.4% !important;}&#8220;][vc_column][vc_empty_space][vc_column_text]<span style=\"color: #222222;\"><span style=\"font-family: arial, sans-serif;\"><span style=\"font-size: medium;\">Informationen zu dem Cookies Gesetz.<strong> Was sind Cookies<\/strong>? Eine Cookie ist eine Datenmenge in Form einer Textdatei, die auf Ihrem PC oder Ihrem mobilen Ger\u00e4t gespeichert wird, indem Sie bestimmte Websites wie die Website von Gu\u00eda Luz nutzen. Die Cookies erlauben der Website u.a. Informationen \u00fcber das Navigationsverhalten eines Nutzers oder der Nutzergruppe ihres PCs oder dem mobilen Ger\u00e4t zu speichern und aufzubewahren. Je nach der erhaltenen Information und der Art der Nutzung kann das dazu f\u00fchren, den Nutzer zu erkennen.<\/span><\/span><\/span><\/p>\n<p><span style=\"color: #222222;\"><span style=\"font-family: arial, sans-serif;\"><span style=\"font-size: medium;\">Welche<b> Art von Cookies <\/b>nutzt Gu\u00eda Luz auf dieser Website?<\/span><\/span><\/span><\/p>\n<p><span style=\"color: #222222;\"><span style=\"font-family: arial, sans-serif;\"><span style=\"font-size: medium;\">Technische Cookies: Eigene Cookies, tempor\u00e4re Cookies, Cookies, die der Identifikation dienen, Cookies, die der Konfigurierung dienen und Cookies zur Registrierung, die notwendig sind, um den Nutzer zu erkennen und die Dienste bereitzustellen, die der Benutzer anfordert. Diese Information wird nur vom Inhaber dieser Website genutzt.<\/span><\/span><\/span><\/p>\n<p><span style=\"color: #222222;\"><span style=\"font-family: arial, sans-serif;\"><span style=\"font-size: medium;\">Analyse-Cookies: Das sind Cookies, die durch den Inhaber der Website oder Dritte genutzt werden und es erlauben, Angaben \u00fcber die Anzahl der Nutzer zu erhalten und somit die Messung und Analyse der Website durchzuf\u00fchren und zu erfahren, wie die Nutzer die hier angebotenen Dienste nutzen. Ihre Navigation auf dieser Website wird mit dem Ziel analysiert, Ihnen bessere Produktangebote oder bedarfsgerechte Inhalte anzubieten.<\/span><\/span><\/span><\/p>\n<p><span style=\"color: #222222;\"><span style=\"font-family: arial, sans-serif;\"><span style=\"font-size: medium;\">Cookies f\u00fcr Werbezwecke: Das sind Cookies, die durch den Inhaber der Website oder durch Dritte genutzt werden, um ein m\u00f6gliches Werbeangebot auf dieser Website bedarfsgerechter zu gestalten und den Inhalt der Werbeanzeigen auf den angefragten Inhalt oder Ihre Nutzung dieser Website anzupassen. Daf\u00fcr k\u00f6nnen wir Ihr Nutzungsverhalten im Internet analysieren, und Ihnen Werbung anzeigen, die mit Ihrem Navigationsprofil \u00fcbereinstimmt.<\/span><\/span><\/span><\/p>\n<p><span style=\"color: #222222;\"><span style=\"font-family: arial, sans-serif;\"><span style=\"font-size: medium;\">Im Konkreten sind Dritte, mit denen Gu\u00eda Luz Dienste unter Vertrag hat oder haben k\u00f6nnte was die Nutzung von Cookies anbelangt, die folgenden:<\/span><\/span><\/span><\/p>\n<p><span style=\"color: #222222;\"><span style=\"font-family: arial, sans-serif;\"><span style=\"font-size: medium;\">Google Web Analyse: Statistiken \u00fcber den Zugang von Nutzern zur Website.<br \/>\nMehr Information: <\/span><\/span><\/span><a href=\"https:\/\/www.google.com\/policies\/privacy\/\" target=\"_blank\" rel=\"noopener\"><span style=\"color: #1155cc;\"><span style=\"font-family: arial, sans-serif;\"><span style=\"font-size: medium;\">https:\/\/www.google.com\/policies\/privacy\/<\/span><\/span><\/span><\/a><span style=\"color: #222222;\"><span style=\"font-family: arial, sans-serif;\"><span style=\"font-size: medium;\"><br \/>\nGoogle Ads: Werbung entsprechend dem Nutzerverhalten<br \/>\nMehr Informationen: <\/span><\/span><\/span><a href=\"https:\/\/www.google.com\/privacy\/ads\" target=\"_blank\" rel=\"noopener\"><span style=\"color: #1155cc;\"><span style=\"font-family: arial, sans-serif;\"><span style=\"font-size: medium;\">https:\/\/www.google.com\/privacy\/ads<\/span><\/span><\/span><\/a><\/p>\n<p><span style=\"color: #222222;\"><span style=\"font-family: arial, sans-serif;\"><span style=\"font-size: medium;\">Google+ Plattform. Teilen von Social Media Inhalten.<br \/>\nMehr Information: <\/span><\/span><\/span><a href=\"https:\/\/www.google.com\/policies\/privacy\/\" target=\"_blank\" rel=\"noopener\"><span style=\"color: #1155cc;\"><span style=\"font-family: arial, sans-serif;\"><span style=\"font-size: medium;\">https:\/\/www.google.com\/policies\/privacy\/<\/span><\/span><\/span><\/a><\/p>\n<p><span style=\"color: #222222;\"><span style=\"font-family: arial, sans-serif;\"><span style=\"font-size: medium;\">Facebook. Teilen von Inhalten auf Social Media.<br \/>\nFacebook Ads: Werbung entsprechend dem Nutzerverhalten.<br \/>\nMehr Information: <\/span><\/span><\/span><a href=\"https:\/\/www.facebook.com\/full_data_use_policy\" target=\"_blank\" rel=\"noopener\"><span style=\"color: #1155cc;\"><span style=\"font-family: arial, sans-serif;\"><span style=\"font-size: medium;\">https:\/\/www.facebook.com\/full_data_use_policy<\/span><\/span><\/span><\/a><\/p>\n<p><span style=\"color: #222222;\"><span style=\"font-family: arial, sans-serif;\"><span style=\"font-size: medium;\">WordPress Stats. Statistik \u00fcber den Zugung des Nutzers zur Website.<br \/>\nMehr Information: <\/span><\/span><\/span><a href=\"https:\/\/en.support.wordpress.com\/stats\/\" target=\"_blank\" rel=\"noopener\"><span style=\"color: #1155cc;\"><span style=\"font-family: arial, sans-serif;\"><span style=\"font-size: medium;\">https:\/\/en.support.wordpress.com\/stats\/<\/span><\/span><\/span><\/a><\/p>\n<p><span style=\"color: #222222;\"><span style=\"font-family: arial, sans-serif;\"><span style=\"font-size: medium;\">Twitter. Teilen von Inhalten auf Social Media.<br \/>\nTwitter Ads: Werbung entsprechend dem Nutzerverhalten.<br \/>\nMehr Information: <\/span><\/span><\/span><a href=\"https:\/\/twitter.com\/es\/privacy\" target=\"_blank\" rel=\"noopener\"><span style=\"color: #1155cc;\"><span style=\"font-family: arial, sans-serif;\"><span style=\"font-size: medium;\">https:\/\/twitter.com\/es\/privacy<\/span><\/span><\/span><\/a><\/p>\n<p><span style=\"color: #222222;\"><span style=\"font-family: arial, sans-serif;\"><span style=\"font-size: medium;\">Bing Ads: Werbung entsprechend Ihrem Nutzerverhalten.<br \/>\nMehr Information: <\/span><\/span><\/span><a href=\"https:\/\/advertise.bingads.microsoft.com\/en-us\/resources\/policies\" target=\"_blank\" rel=\"noopener\"><span style=\"color: #1155cc;\"><span style=\"font-family: arial, sans-serif;\"><span style=\"font-size: medium;\">https:\/\/advertise.bingads.microsoft.com\/en-us\/resources\/policies<\/span><\/span><\/span><\/a><\/p>\n<p><span style=\"color: #222222;\"><span style=\"font-family: arial, sans-serif;\"><span style=\"font-size: medium;\">Diese Liste wird st\u00e4ndig aktualisiert und angepasst. Jedoch k\u00f6nnte hier ausnahmsweise w\u00e4hrend der Aktualisierung eine Cookie-Form aus Versehen nicht genannt worden sein. In jedem Fall w\u00e4ren es Cookies mit dem gleichen Zweck wie die hier genannten.<\/span><\/span><\/span><\/p>\n<p><span style=\"color: #222222;\"><span style=\"font-family: arial, sans-serif;\"><span style=\"font-size: medium;\">Sie k\u00f6nnen Cookies zulassen, blockieren, l\u00f6schen oder die Funktion ausschalten, damit sich keine Cookies auf Ihrem PC oder Ihrem mobilen Endger\u00e4t installieren, indem Sie die Einstellungen im Browser \u00e4ndern. \u00dcbersicht \u00fcber diverse Browser mit Links zur Konfigurierung:<\/span><\/span><\/span><\/p>\n<p><span style=\"color: #222222;\"><span style=\"font-family: arial, sans-serif;\"><span style=\"font-size: medium;\">F\u00fcr mehr Information \u00fcber Firefox klicken Sie bitte hier:<br \/>\n<\/span><\/span><\/span><a href=\"https:\/\/support.mozilla.org\/es\/kb\/habilitar-y-deshabilitar-cookies-sitios-web-rastrear-preferencias?redirectlocale=es&amp;redirectslug=habilitar-y-deshabilitar-cookies-que-los-sitios-we\" target=\"_blank\" rel=\"noopener\"><span style=\"color: #1155cc;\"><span style=\"font-family: arial, sans-serif;\"><span style=\"font-size: medium;\">https:\/\/support.mozilla.org\/es\/kb\/habilitar-y-deshabilitar-cookies-sitios-web-rastrear-preferencias?redirectlocale=es&amp;redirectslug=habilitar-y-deshabilitar-cookies-que-los-sitios-we<\/span><\/span><\/span><\/a><\/p>\n<p><span style=\"color: #222222;\"><span style=\"font-family: arial, sans-serif;\"><span style=\"font-size: medium;\">F\u00fcr mehr Information \u00fcber Explorer klicken Sie bitte hier:<br \/>\n<\/span><\/span><\/span><a href=\"https:\/\/support.microsoft.com\/es-es\/help\/17442\/windows-internet-explorer-delete-manage-cookies\" target=\"_blank\" rel=\"noopener\"><span style=\"color: #1155cc;\"><span style=\"font-family: arial, sans-serif;\"><span style=\"font-size: medium;\">https:\/\/support.microsoft.com\/es-es\/help\/17442\/windows-internet-explorer-delete-manage-cookies<\/span><\/span><\/span><\/a><\/p>\n<p><span style=\"color: #222222;\"><span style=\"font-family: arial, sans-serif;\"><span style=\"font-size: medium;\">F\u00fcr mehr Information \u00fcber Safari klicken Sie bitte hier:<br \/>\n<\/span><\/span><\/span><a href=\"https:\/\/support.apple.com\/kb\/ph5042?locale=es_ES\" target=\"_blank\" rel=\"noopener\"><span style=\"color: #1155cc;\"><span style=\"font-family: arial, sans-serif;\"><span style=\"font-size: medium;\">https:\/\/support.apple.com\/kb\/ph5042?locale=es_ES<\/span><\/span><\/span><\/a><\/p>\n<p><span style=\"color: #222222;\"><span style=\"font-family: arial, sans-serif;\"><span style=\"font-size: medium;\">F\u00fcr mehr Information \u00fcber Chrome klicken Sie bitte hier:<br \/>\n<\/span><\/span><\/span><a href=\"https:\/\/support.google.com\/chrome\/answer\/95647?hl=es\" target=\"_blank\" rel=\"noopener\"><span style=\"color: #1155cc;\"><span style=\"font-family: arial, sans-serif;\"><span style=\"font-size: medium;\">https:\/\/support.google.com\/chrome\/answer\/95647?hl=es<\/span><\/span><\/span><\/a><\/p>\n<p><span style=\"color: #222222;\"><span style=\"font-family: arial, sans-serif;\"><span style=\"font-size: medium;\">F\u00fcr mehr Information \u00fcber Google klicken Sie bitte hier:<br \/>\n<\/span><\/span><\/span><a href=\"https:\/\/support.google.com\/chrome\/answer\/95647?hl=es\" target=\"_blank\" rel=\"noopener\"><span style=\"color: #1155cc;\"><span style=\"font-family: arial, sans-serif;\"><span style=\"font-size: medium;\">https:\/\/support.google.com\/chrome\/answer\/95647?hl=es<\/span><\/span><\/span><\/a><\/p>\n<p><span style=\"color: #222222;\"><span style=\"font-family: arial, sans-serif;\"><span style=\"font-size: medium;\">Weitere Informationen zu den geltenden Datenschutzrichtlinien f\u00fcr Unternehmen mit Sitz in Spanien finden Sie in unserem Impressum.<\/span><\/span><\/span>[\/vc_column_text][\/vc_column][\/vc_row][vc_row css_animation=&#8220;&#8220; row_type=&#8220;row&#8220; use_row_as_full_screen_section=&#8220;no&#8220; type=&#8220;grid&#8220; angled_section=&#8220;no&#8220; text_align=&#8220;left&#8220; background_image_as_pattern=&#8220;without_pattern&#8220;][vc_column][vc_empty_space][\/vc_column][\/vc_row]<\/p>\n<\/div>","protected":false},"excerpt":{"rendered":"<p>[vc_row css_animation=&#8220;&#8220; row_type=&#8220;row&#8220; use_row_as_full_screen_section=&#8220;no&#8220; type=&#8220;full_width&#8220; angled_section=&#8220;no&#8220; text_align=&#8220;left&#8220; background_image_as_pattern=&#8220;without_pattern&#8220;][vc_column][vc_empty_space][vc_column_text] Information zu dem Cookies Gesetz [\/vc_column_text][\/vc_column][\/vc_row][vc_row css_animation=&#8220;&#8220; row_type=&#8220;row&#8220; use_row_as_full_screen_section=&#8220;no&#8220; type=&#8220;grid&#8220; angled_section=&#8220;no&#8220; text_align=&#8220;left&#8220; background_image_as_pattern=&#8220;without_pattern&#8220; css=&#8220;.vc_custom_1469778626730{padding-top: 7.3% !important;padding-bottom: 6.4% !important;}&#8220;][vc_column][vc_empty_space][vc_column_text]Informationen zu dem Cookies Gesetz. Was sind Cookies? Eine Cookie ist eine Datenmenge in Form einer Textdatei, die auf Ihrem&#8230;<\/p>\n","protected":false},"author":1,"featured_media":0,"parent":0,"menu_order":0,"comment_status":"closed","ping_status":"closed","template":"","meta":{"sfsi_plus_gutenberg_text_before_share":"","sfsi_plus_gutenberg_show_text_before_share":"","sfsi_plus_gutenberg_icon_type":"","sfsi_plus_gutenberg_icon_alignemt":"","sfsi_plus_gutenburg_max_per_row":"","footnotes":""},"_links":{"self":[{"href":"https:\/\/guialuz.com\/de\/wp-json\/wp\/v2\/pages\/1839"}],"collection":[{"href":"https:\/\/guialuz.com\/de\/wp-json\/wp\/v2\/pages"}],"about":[{"href":"https:\/\/guialuz.com\/de\/wp-json\/wp\/v2\/types\/page"}],"author":[{"embeddable":true,"href":"https:\/\/guialuz.com\/de\/wp-json\/wp\/v2\/users\/1"}],"replies":[{"embeddable":true,"href":"https:\/\/guialuz.com\/de\/wp-json\/wp\/v2\/comments?post=1839"}],"version-history":[{"count":3,"href":"https:\/\/guialuz.com\/de\/wp-json\/wp\/v2\/pages\/1839\/revisions"}],"predecessor-version":[{"id":2420,"href":"https:\/\/guialuz.com\/de\/wp-json\/wp\/v2\/pages\/1839\/revisions\/2420"}],"wp:attachment":[{"href":"https:\/\/guialuz.com\/de\/wp-json\/wp\/v2\/media?parent=1839"}],"curies":[{"name":"wp","href":"https:\/\/api.w.org\/{rel}","templated":true}]}}